{"id":3114,"date":"2022-09-21T11:39:23","date_gmt":"2022-09-21T09:39:23","guid":{"rendered":"https:\/\/gcr-group.local\/productos\/"},"modified":"2025-11-13T12:06:58","modified_gmt":"2025-11-13T10:06:58","slug":"productos","status":"publish","type":"page","link":"https:\/\/gcrplasticsolutions.com\/es\/productos\/","title":{"rendered":"Productos"},"content":{"rendered":"<section class=\"header-block \" id=\"headerBlock\">\n                        <div class=\"header-block__bg-overlay \" style=\"background: linear-gradient(90deg, rgba(26, 26, 25, 0.6) 0.28%, rgba(26, 26, 25, 0) 100%); background-position: 50%; background-size: cover;\">\n                <div class=\"header-block__video-bg\">\n                    <video autoplay muted loop>\n                        <source src=\"https:\/\/gcrplasticsolutions.com\/wp-content\/uploads\/2022\/09\/GCR_hero-video-1440.mp4\" type=\"video\/mp4\">\n                    <\/video>\n                <\/div>\n                        <div class=\"container\" >\n                <div class=\"header-block__content\">\n                    <div class=\"header-block__text-info\">\n                                                    <h1 class=\"header-block__heading\">\n                                Materiales de Pl\u00e1stico Sostenibles                            <\/h1>\n                                                    <div class=\"header-block__description\">\n                                <p>Aplicamos nuestra experiencia en ciencia de materiales para ofrecer soluciones de pl\u00e1stico sostenibles que reducen la huella de carbono de tus aplicaciones, manteniendo un alto rendimiento.<\/p>\n                            <\/div>\n                        \n                    <\/div>\n                                                <div class=\"header-block__button\">\n                                <a href=\"https:\/\/gcrplasticsolutions.com\/es\/contacto\/\" target=\"\" class=\"btn btn-primary\">\n                                    \u00a1Habla con un Experto en Producto!                                <\/a>\n                            <\/div>\n                        \n                                                            \n                <\/div>\n            <\/div>\n            <\/div>\n<\/section>\n    <section class=\"breadcrumbs\">\n        <div class=\"container\">\n            <div class=\"breadcrumbs__wrapper\">\n                <a href=\"https:\/\/gcrplasticsolutions.com\/es\/\">\n                    <img decoding=\"async\" src=\"https:\/\/gcrplasticsolutions.com\/wp-content\/themes\/theme\/assets\/img\/chevron-small-left.svg\" alt=\"Home\">\n                    Inicio                <\/a>\n\n                \n                <span class=\"breadcrumbs__separator\">\/<\/span>\n                <span class=\"breadcrumbs__active\">Productos<\/span>\n            <\/div>\n        <\/div>\n    <\/section>\n\n\n\n\n\n\n<section class=\"product-feature \" >\n    <div class=\"product-feature__wrapper\">\n        <div class=\"product-feature__content\">\n            <div class=\"product-feature__content--main\">\n                <div class=\"product-feature__content--head\">\n                    <h2>\n                        CICLIC\u00ae                    <\/h2>\n                    <p>Poliolefinas Recicladas y Reciclables<\/p>\n                <\/div>\n                <div class=\"product-feature__conntent--body\">\n                    <div class=\"product-feature__content--description\">\n                        <p><span data-sheets-root=\"1\">CICLIC\u00ae es nuestra l\u00ednea de poliolefinas recicladas y reciclables de alta calidad, obtenidas de residuos preconsumo y posconsumo (PCR). Los materiales de pl\u00e1stico reciclado de CICLIC\u00ae integran sostenibilidad y rendimiento, eliminando la necesidad de elegir entre uno u otro.<br \/>\n<\/span><\/p>\n<ul>\n<li>M\u00e1s de 20 a\u00f1os de experiencia en reciclaje de pl\u00e1sticos<\/li>\n<li>Reducci\u00f3n de CO\u2082 de hasta un 90%*<\/li>\n<li>Amplia gama de poliolefinas recicladas: rPP, rLDPE, rLLDPE, rHDPE<\/li>\n<li>Desarrollo \u00e1gil para r\u00e1pida salida al mercado<\/li>\n<li>Calidad consistente para aplicaciones exigentes<\/li>\n<li>Certificaciones de producto que respaldan la confiabilidad<\/li>\n<li>Fuentes de material seguras y a largo plazo<\/li>\n<li>Soluciones a medida<\/li>\n<\/ul>\n                    <\/div>\n                                            <div class=\"product-feature__gallery\">\n                                                            <div class=\"product-feature__gallery--img\">\n                                                                            <a href=\"https:\/\/gcrplasticsolutions.com\/es\/productos\/ciclic-poliolefinas-recicladas\/\">\n                                                                                <img decoding=\"async\" src=\"https:\/\/gcrplasticsolutions.com\/wp-content\/uploads\/2024\/03\/Ciclic_Web.png\" alt=\"Icon\">\n                                                                            <\/a>\n                                                                    <\/div>\n                                                    <\/div>\n                                    <\/div>\n                                    <a href=\"https:\/\/gcrplasticsolutions.com\/es\/productos\/ciclic-poliolefinas-recicladas\/\" target=\"\" class=\"btn btn-primary product-feature__link\">\n                        Descubre m\u00e1s                    <\/a>\n                            <\/div>\n        <\/div>\n                <div class=\"product-feature__main-img \" style=\"background-image: url(https:\/\/gcrplasticsolutions.com\/wp-content\/uploads\/2023\/12\/Pellets-azules-Ciclic-2.jpg)\">\n            <img decoding=\"async\" src=\"https:\/\/gcrplasticsolutions.com\/wp-content\/uploads\/2023\/12\/Pellets-azules-Ciclic-2.jpg\" alt=\"Main Image\" class=\"d-lg-none d-block\">\n        <\/div>\n            <\/div>\n<\/section>\n\n\n\n\n\n<section class=\"product-feature \" >\n    <div class=\"product-feature__wrapper\">\n        <div class=\"product-feature__content\">\n            <div class=\"product-feature__content--main\">\n                <div class=\"product-feature__content--head\">\n                    <h2>\n                        CICLICNXT\u00ae                    <\/h2>\n                    <p>Poliolefinas PCR a Escala Industrial<\/p>\n                <\/div>\n                <div class=\"product-feature__conntent--body\">\n                    <div class=\"product-feature__content--description\">\n                        <p data-start=\"231\" data-end=\"603\">CICLIC<strong>NXT\u00ae<\/strong> es nuestra nueva l\u00ednea\u00a0de <strong data-start=\"275\" data-end=\"343\">poliolefinas recicladas posconsumo (PCR) certificadas (rPP, rPE)<\/strong>, dise\u00f1adas para ofrecer un <strong data-start=\"371\" data-end=\"436\">rendimiento comparable al material virgen a escala industrial<\/strong>. Desarrollada para propietarios de marca y grandes transformadores, combina <strong data-start=\"498\" data-end=\"538\">calidad, consistencia y trazabilidad<\/strong> para acelerar los objetivos de sostenibilidad <strong data-start=\"916\" data-end=\"977\">sin comprometer rendimiento, fiabilidad ni sostenibilidad<\/strong>.<\/p>\n<ul data-start=\"605\" data-end=\"904\">\n<li data-start=\"605\" data-end=\"661\">\n<p data-start=\"607\" data-end=\"661\">Rendimiento comparable al virgen a escala industrial<\/p>\n<\/li>\n<li data-start=\"662\" data-end=\"726\">\n<p data-start=\"664\" data-end=\"726\">Certificaciones de producto: ISO 14067, ISCC PLUS, RecyClass<\/p>\n<\/li>\n<li data-start=\"727\" data-end=\"797\">\n<p data-start=\"729\" data-end=\"797\">Capacidad de 100.000 mT\/a\u00f1o en nuestra planta de reciclaje<\/p>\n<\/li>\n<li data-start=\"798\" data-end=\"836\">\n<p data-start=\"800\" data-end=\"836\">Suministro robusto y a largo plazo<\/p>\n<\/li>\n<li data-start=\"837\" data-end=\"904\">\n<p data-start=\"839\" data-end=\"904\">Dise\u00f1ada para aplicaciones exigentes de contacto no alimentario<\/p>\n<\/li>\n<\/ul>\n                    <\/div>\n                                            <div class=\"product-feature__gallery\">\n                                                            <div class=\"product-feature__gallery--img\">\n                                                                                <img decoding=\"async\" src=\"https:\/\/gcrplasticsolutions.com\/wp-content\/uploads\/2025\/10\/CICLIC-NXT-logos-rgb-01-e1759420697514.png\" alt=\"Icon\">\n                                                                    <\/div>\n                                                    <\/div>\n                                    <\/div>\n                                    <a href=\"https:\/\/gcrplasticsolutions.com\/es\/productos\/ciclicnxt-poliolefinas-pcr-a-escala-industrial\/\" target=\"\" class=\"btn btn-primary product-feature__link\">\n                        Descubre m\u00e1s                    <\/a>\n                            <\/div>\n        <\/div>\n                <div class=\"product-feature__main-img order-lg-first\" style=\"background-image: url(https:\/\/gcrplasticsolutions.com\/wp-content\/uploads\/2025\/10\/CICLICNXT_HOME.png)\">\n            <img decoding=\"async\" src=\"https:\/\/gcrplasticsolutions.com\/wp-content\/uploads\/2025\/10\/CICLICNXT_HOME.png\" alt=\"Main Image\" class=\"d-lg-none d-block\">\n        <\/div>\n            <\/div>\n<\/section>\n\n\n\n\n\n<section class=\"product-feature \" >\n    <div class=\"product-feature__wrapper\">\n        <div class=\"product-feature__content\">\n            <div class=\"product-feature__content--main\">\n                <div class=\"product-feature__content--head\">\n                    <h2>\n                        GRANIC\u00ae                    <\/h2>\n                    <p>Masterbatch Mineral Sostenible <\/p>\n                <\/div>\n                <div class=\"product-feature__conntent--body\">\n                    <div class=\"product-feature__content--description\">\n                        <p><span data-sheets-root=\"1\">GRANIC\u00ae es nuestra l\u00ednea de masterbatch mineral sostenible de alto rendimiento, que ayuda a mejorar los niveles de rendimiento y a reducir las emisiones de CO2 en tus aplicaciones en hasta en un 50%*. Su formulaci\u00f3n entregada en pellets de alta calidad combinan concentrados minerales como carbonato de calcio ultrafino(CaCO3), talco o s\u00edlice con resinas portadoras, incluyendo PE, PP, PS y resinas de pl\u00e1stico reciclado como CICLIC\u00ae.<\/span><\/p>\n<p>La adici\u00f3n de GRANIC\u00ae masterbatch puede representar hasta el 70% del contenido pl\u00e1stico final, resultando en una reducci\u00f3n significativa del contenido de pol\u00edmero virgen mientras que mejora diversas propiedades mec\u00e1nicas.<\/p>\n<p>&nbsp;<\/p>\n<ul>\n<li>Reducci\u00f3n de huella de carbono certificada<\/li>\n<li>Reducci\u00f3n de emisiones de CO\u2082 de hasta un 50%*<\/li>\n<li>Mejor rendimiento en propiedades mec\u00e1nicas<\/li>\n<li>Soluciones a medida<\/li>\n<li>An\u00e1lisis de Ciclo de Vida (LCA) desde la cuna hasta la puerta<\/li>\n<li>Certificaci\u00f3n para contacto seguro con alimentos<\/li>\n<\/ul>\n                    <\/div>\n                                            <div class=\"product-feature__gallery\">\n                                                            <div class=\"product-feature__gallery--img\">\n                                                                            <a href=\"https:\/\/gcrplasticsolutions.com\/es\/productos\/masterbatch-mineral\/granic-masterbatch-mineral-sostenible\/\">\n                                                                                <img decoding=\"async\" src=\"https:\/\/gcrplasticsolutions.com\/wp-content\/uploads\/2024\/05\/granic-logos-rgb-01-1-1-e1715845889238.png\" alt=\"Icon\">\n                                                                            <\/a>\n                                                                    <\/div>\n                                                            <div class=\"product-feature__gallery--img\">\n                                                                            <a href=\"https:\/\/gcrplasticsolutions.com\/es\/productos\/masterbatch-mineral\/biogranic-el-masterbatch-mineral-bio\/\">\n                                                                                <img decoding=\"async\" src=\"https:\/\/gcrplasticsolutions.com\/wp-content\/uploads\/2022\/09\/BIOGRANIC.png\" alt=\"Icon\">\n                                                                            <\/a>\n                                                                    <\/div>\n                                                            <div class=\"product-feature__gallery--img\">\n                                                                            <a href=\"https:\/\/gcrplasticsolutions.com\/es\/productos\/masterbatch-mineral\/rgranic\/\">\n                                                                                <img decoding=\"async\" src=\"https:\/\/gcrplasticsolutions.com\/wp-content\/uploads\/2022\/09\/RGRANIC.png\" alt=\"Icon\">\n                                                                            <\/a>\n                                                                    <\/div>\n                                                    <\/div>\n                                    <\/div>\n                                    <a href=\"https:\/\/gcrplasticsolutions.com\/es\/productos\/masterbatch-mineral\/\" target=\"\" class=\"btn btn-primary product-feature__link\">\n                        Descubre m\u00e1s                    <\/a>\n                            <\/div>\n        <\/div>\n                <div class=\"product-feature__main-img \" style=\"background-image: url(https:\/\/gcrplasticsolutions.com\/wp-content\/uploads\/2023\/12\/BIT5660.jpg)\">\n            <img decoding=\"async\" src=\"https:\/\/gcrplasticsolutions.com\/wp-content\/uploads\/2023\/12\/BIT5660.jpg\" alt=\"Main Image\" class=\"d-lg-none d-block\">\n        <\/div>\n            <\/div>\n<\/section>\n\n\n\r\n<section class=\"process-technology \" >\r\n    <div class=\"container\">\r\n        <div class=\"process-technology__wrapper\">\r\n            <h3 class=\"process-technology__heading\">\r\n                 Procesos de fabricaci\u00f3n            <\/h3>\r\n            <div class=\"process-technology__image d-flex justify-content-center\">\r\n                                    <img decoding=\"async\" src=\"https:\/\/gcrplasticsolutions.com\/wp-content\/uploads\/2024\/11\/Proceso-fabricacion-desktop.png\" alt=\"\" class=\"image-desktop d-lg-block d-none\">\r\n                \r\n                                    <img decoding=\"async\" src=\"https:\/\/gcrplasticsolutions.com\/wp-content\/uploads\/2024\/11\/Proceso-fabricacion-mobile.png\" alt=\"https:\/\/gcrplasticsolutions.com\/wp-content\/uploads\/2024\/11\/Proceso-fabricacion-mobile.png\" class=\"image-mobile d-lg-none d-block\">\r\n                            <\/div>\r\n        <\/div>\r\n    <\/div>\r\n<\/section>\r\n","protected":false},"excerpt":{"rendered":"","protected":false},"author":5,"featured_media":0,"parent":0,"menu_order":0,"comment_status":"closed","ping_status":"closed","template":"","meta":{"_acf_changed":true,"footnotes":""},"class_list":["post-3114","page","type-page","status-publish","hentry"],"acf":[],"yoast_head":"<!-- This site is optimized with the Yoast SEO plugin v27.3 - https:\/\/yoast.com\/product\/yoast-seo-wordpress\/ -->\n<title>Materiales Pl\u00e1sticos Sostenibles PP, PE | GCR<\/title>\n<meta name=\"description\" content=\"Desarrollamos soluciones sostenibles de materiales pl\u00e1sticos reciclados de alta calidad y concentrados minerales. Nuestros productos garantizan una mayor sostenibilidad sin comprometer el alto rendimiento.\" \/>\n<meta name=\"robots\" content=\"index, follow, max-snippet:-1, max-image-preview:large, max-video-preview:-1\" \/>\n<link rel=\"canonical\" href=\"https:\/\/gcrplasticsolutions.com\/es\/productos\/\" \/>\n<meta property=\"og:locale\" content=\"es_ES\" \/>\n<meta property=\"og:type\" content=\"article\" \/>\n<meta property=\"og:title\" content=\"Materiales Pl\u00e1sticos Sostenibles PP, PE | GCR\" \/>\n<meta property=\"og:description\" content=\"Desarrollamos soluciones sostenibles de materiales pl\u00e1sticos reciclados de alta calidad y concentrados minerales. Nuestros productos garantizan una mayor sostenibilidad sin comprometer el alto rendimiento.\" \/>\n<meta property=\"og:url\" content=\"https:\/\/gcrplasticsolutions.com\/es\/productos\/\" \/>\n<meta property=\"og:site_name\" content=\"GCR Sustainable Plastic Solutions\" \/>\n<meta property=\"article:modified_time\" content=\"2025-11-13T10:06:58+00:00\" \/>\n<meta name=\"twitter:card\" content=\"summary_large_image\" \/>\n<script type=\"application\/ld+json\" class=\"yoast-schema-graph\">{\"@context\":\"https:\\\/\\\/schema.org\",\"@graph\":[{\"@type\":\"WebPage\",\"@id\":\"https:\\\/\\\/gcrplasticsolutions.com\\\/es\\\/productos\\\/\",\"url\":\"https:\\\/\\\/gcrplasticsolutions.com\\\/es\\\/productos\\\/\",\"name\":\"Materiales Pl\u00e1sticos Sostenibles PP, PE | GCR\",\"isPartOf\":{\"@id\":\"https:\\\/\\\/gcrplasticsolutions.com\\\/es\\\/#website\"},\"datePublished\":\"2022-09-21T09:39:23+00:00\",\"dateModified\":\"2025-11-13T10:06:58+00:00\",\"description\":\"Desarrollamos soluciones sostenibles de materiales pl\u00e1sticos reciclados de alta calidad y concentrados minerales. Nuestros productos garantizan una mayor sostenibilidad sin comprometer el alto rendimiento.\",\"breadcrumb\":{\"@id\":\"https:\\\/\\\/gcrplasticsolutions.com\\\/es\\\/productos\\\/#breadcrumb\"},\"inLanguage\":\"es\",\"potentialAction\":[{\"@type\":\"ReadAction\",\"target\":[\"https:\\\/\\\/gcrplasticsolutions.com\\\/es\\\/productos\\\/\"]}]},{\"@type\":\"BreadcrumbList\",\"@id\":\"https:\\\/\\\/gcrplasticsolutions.com\\\/es\\\/productos\\\/#breadcrumb\",\"itemListElement\":[{\"@type\":\"ListItem\",\"position\":1,\"name\":\"Home\",\"item\":\"https:\\\/\\\/gcrplasticsolutions.com\\\/es\\\/\"},{\"@type\":\"ListItem\",\"position\":2,\"name\":\"Productos\"}]},{\"@type\":\"WebSite\",\"@id\":\"https:\\\/\\\/gcrplasticsolutions.com\\\/es\\\/#website\",\"url\":\"https:\\\/\\\/gcrplasticsolutions.com\\\/es\\\/\",\"name\":\"GCR Sustainable Plastic Solutions\",\"description\":\"GCR Sustainable Plastic Solutions Website\",\"potentialAction\":[{\"@type\":\"SearchAction\",\"target\":{\"@type\":\"EntryPoint\",\"urlTemplate\":\"https:\\\/\\\/gcrplasticsolutions.com\\\/es\\\/?s={search_term_string}\"},\"query-input\":{\"@type\":\"PropertyValueSpecification\",\"valueRequired\":true,\"valueName\":\"search_term_string\"}}],\"inLanguage\":\"es\"}]}<\/script>\n<!-- \/ Yoast SEO plugin. -->","yoast_head_json":{"title":"Materiales Pl\u00e1sticos Sostenibles PP, PE | GCR","description":"Desarrollamos soluciones sostenibles de materiales pl\u00e1sticos reciclados de alta calidad y concentrados minerales. Nuestros productos garantizan una mayor sostenibilidad sin comprometer el alto rendimiento.","robots":{"index":"index","follow":"follow","max-snippet":"max-snippet:-1","max-image-preview":"max-image-preview:large","max-video-preview":"max-video-preview:-1"},"canonical":"https:\/\/gcrplasticsolutions.com\/es\/productos\/","og_locale":"es_ES","og_type":"article","og_title":"Materiales Pl\u00e1sticos Sostenibles PP, PE | GCR","og_description":"Desarrollamos soluciones sostenibles de materiales pl\u00e1sticos reciclados de alta calidad y concentrados minerales. Nuestros productos garantizan una mayor sostenibilidad sin comprometer el alto rendimiento.","og_url":"https:\/\/gcrplasticsolutions.com\/es\/productos\/","og_site_name":"GCR Sustainable Plastic Solutions","article_modified_time":"2025-11-13T10:06:58+00:00","twitter_card":"summary_large_image","schema":{"@context":"https:\/\/schema.org","@graph":[{"@type":"WebPage","@id":"https:\/\/gcrplasticsolutions.com\/es\/productos\/","url":"https:\/\/gcrplasticsolutions.com\/es\/productos\/","name":"Materiales Pl\u00e1sticos Sostenibles PP, PE | GCR","isPartOf":{"@id":"https:\/\/gcrplasticsolutions.com\/es\/#website"},"datePublished":"2022-09-21T09:39:23+00:00","dateModified":"2025-11-13T10:06:58+00:00","description":"Desarrollamos soluciones sostenibles de materiales pl\u00e1sticos reciclados de alta calidad y concentrados minerales. Nuestros productos garantizan una mayor sostenibilidad sin comprometer el alto rendimiento.","breadcrumb":{"@id":"https:\/\/gcrplasticsolutions.com\/es\/productos\/#breadcrumb"},"inLanguage":"es","potentialAction":[{"@type":"ReadAction","target":["https:\/\/gcrplasticsolutions.com\/es\/productos\/"]}]},{"@type":"BreadcrumbList","@id":"https:\/\/gcrplasticsolutions.com\/es\/productos\/#breadcrumb","itemListElement":[{"@type":"ListItem","position":1,"name":"Home","item":"https:\/\/gcrplasticsolutions.com\/es\/"},{"@type":"ListItem","position":2,"name":"Productos"}]},{"@type":"WebSite","@id":"https:\/\/gcrplasticsolutions.com\/es\/#website","url":"https:\/\/gcrplasticsolutions.com\/es\/","name":"GCR Sustainable Plastic Solutions","description":"GCR Sustainable Plastic Solutions Website","potentialAction":[{"@type":"SearchAction","target":{"@type":"EntryPoint","urlTemplate":"https:\/\/gcrplasticsolutions.com\/es\/?s={search_term_string}"},"query-input":{"@type":"PropertyValueSpecification","valueRequired":true,"valueName":"search_term_string"}}],"inLanguage":"es"}]}},"_links":{"self":[{"href":"https:\/\/gcrplasticsolutions.com\/es\/wp-json\/wp\/v2\/pages\/3114","targetHints":{"allow":["GET"]}}],"collection":[{"href":"https:\/\/gcrplasticsolutions.com\/es\/wp-json\/wp\/v2\/pages"}],"about":[{"href":"https:\/\/gcrplasticsolutions.com\/es\/wp-json\/wp\/v2\/types\/page"}],"author":[{"embeddable":true,"href":"https:\/\/gcrplasticsolutions.com\/es\/wp-json\/wp\/v2\/users\/5"}],"replies":[{"embeddable":true,"href":"https:\/\/gcrplasticsolutions.com\/es\/wp-json\/wp\/v2\/comments?post=3114"}],"version-history":[{"count":0,"href":"https:\/\/gcrplasticsolutions.com\/es\/wp-json\/wp\/v2\/pages\/3114\/revisions"}],"wp:attachment":[{"href":"https:\/\/gcrplasticsolutions.com\/es\/wp-json\/wp\/v2\/media?parent=3114"}],"curies":[{"name":"wp","href":"https:\/\/api.w.org\/{rel}","templated":true}]}}