{"id":3116,"date":"2024-01-09T12:38:51","date_gmt":"2024-01-09T10:38:51","guid":{"rendered":"https:\/\/gcr-group.local\/productos\/granic-masterbatch-mineral-sostenible\/"},"modified":"2025-12-02T17:51:33","modified_gmt":"2025-12-02T15:51:33","slug":"masterbatch-mineral","status":"publish","type":"page","link":"https:\/\/gcrplasticsolutions.com\/es\/productos\/masterbatch-mineral\/","title":{"rendered":"GRANIC\u00ae Masterbatch Mineral Sostenible"},"content":{"rendered":"<section class=\"header-block \" id=\"headerBlock\">\n            <div class=\"header-block__bg-overlay \" style=\"background: linear-gradient(90deg, rgba(26, 26, 25, 0.6) 0.28%, rgba(26, 26, 25, 0) 100%), url('https:\/\/gcrplasticsolutions.com\/wp-content\/uploads\/2023\/12\/BIT5660.jpg'); background-position: 50%; background-size: cover;\">\n                            <div class=\"container\" >\n                <div class=\"header-block__content\">\n                    <div class=\"header-block__text-info\">\n                                                    <h1 class=\"header-block__heading\">\n                                GRANIC\u00ae Masterbatch Mineral Avanzado                            <\/h1>\n                                                    <p class=\"header-block__subheading\">\n                                Dise\u00f1ado para ofrecer mayor rendimiento y eficiencia, con menor impacto ambiental.                            <\/p>\n                        \n                    <\/div>\n                                                <div class=\"header-block__button\">\n                                <a href=\"https:\/\/gcrplasticsolutions.com\/es\/contacto\/\" target=\"\" class=\"btn btn-primary\">\n                                    \u00a1Habla con un Experto en Producto!                                <\/a>\n                            <\/div>\n                        \n                                                            \n                <\/div>\n            <\/div>\n            <\/div>\n<\/section>\n    <section class=\"breadcrumbs\">\n        <div class=\"container\">\n            <div class=\"breadcrumbs__wrapper\">\n                <a href=\"https:\/\/gcrplasticsolutions.com\/es\/\">\n                    <img decoding=\"async\" src=\"https:\/\/gcrplasticsolutions.com\/wp-content\/themes\/theme\/assets\/img\/chevron-small-left.svg\" alt=\"Home\">\n                    Inicio                <\/a>\n\n                                    <span class=\"breadcrumbs__separator\">\/<\/span>\n                    <a href=\"https:\/\/gcrplasticsolutions.com\/es\/productos\/\">Productos<\/a>\n                \n                <span class=\"breadcrumbs__separator\">\/<\/span>\n                <span class=\"breadcrumbs__active\">GRANIC\u00ae Masterbatch Mineral Sostenible<\/span>\n            <\/div>\n        <\/div>\n    <\/section>\n\n\n\n\r\n<section class=\"products-information background-color-gray \" >\r\n    <div class=\"container\">\r\n        <div class=\"products-information__wrapper\">\r\n            <div class=\"d-flex flex-column\">\r\n                <h2 class=\"products-information__title\">\r\n                    Experimenta hasta un 50% de reducci\u00f3n en emisiones de CO2 con GRANIC\u00ae                <\/h2>\r\n                            <\/div>\r\n            <div class=\"products-information__content\">\r\n                                                    <div class=\"products-information__content--rows\">\r\n                                                    <div class=\"products-information__content--row\">\r\n                                                                                                                                    <div class=\"row-desc\">\r\n                                        <p>Nuestros diversos grados de masterbatch mineral avanzado de alto rendimiento pueden reducir significativamente el contenido de pol\u00edmeros hasta en un 70%, mejorando las propiedades mec\u00e1nicas y maximizando el rendimiento general.<\/p>\n                                    <\/div>\r\n                                                            <\/div>\r\n                                            <\/div>\r\n                                                    <div class=\"products-information__gallery\">\r\n                                                    <div class=\"products-information__gallery--img\">\r\n                                                                    <a href=\"https:\/\/gcrplasticsolutions.com\/es\/productos\/masterbatch-mineral\/#granic\">\r\n                                                                    <img decoding=\"async\" src=\"https:\/\/gcrplasticsolutions.com\/wp-content\/uploads\/2024\/03\/granic-logos-rgb-01-e1716976424134.png\" alt=\"Icon\">\r\n                                                                <\/a>\r\n                                                        <\/div>\r\n                                                    <div class=\"products-information__gallery--img\">\r\n                                                                    <a href=\"https:\/\/gcrplasticsolutions.com\/es\/productos\/masterbatch-mineral\/#biogranic\">\r\n                                                                    <img decoding=\"async\" src=\"https:\/\/gcrplasticsolutions.com\/wp-content\/uploads\/2024\/03\/Biogranic-rgb-1-e1715843840274.png\" alt=\"Icon\">\r\n                                                                <\/a>\r\n                                                        <\/div>\r\n                                                    <div class=\"products-information__gallery--img\">\r\n                                                                    <a href=\"https:\/\/gcrplasticsolutions.com\/es\/productos\/masterbatch-mineral\/#rgranic\">\r\n                                                                    <img decoding=\"async\" src=\"https:\/\/gcrplasticsolutions.com\/wp-content\/uploads\/2024\/03\/Rgranic-rgb-1-e1715843437340.png\" alt=\"Icon\">\r\n                                                                <\/a>\r\n                                                        <\/div>\r\n                                            <\/div>\r\n                            <\/div>\r\n        <\/div>\r\n    <\/div>\r\n<\/section>\r\n\n\n\n\n\n<section class=\"product-feature \" id=\"granic\">\n    <div class=\"product-feature__wrapper\">\n        <div class=\"product-feature__content\">\n            <div class=\"product-feature__content--main\">\n                <div class=\"product-feature__content--head\">\n                    <h2>\n                        GRANIC\u00ae                      <\/h2>\n                    <p>Mineral ultrafino + resina de PE o PP de alta calidad<\/p>\n                <\/div>\n                <div class=\"product-feature__conntent--body\">\n                    <div class=\"product-feature__content--description\">\n                        <p><span data-sheets-root=\"1\"><strong>GRANIC\u00ae<\/strong> se destaca como un masterbatch mineral avanzado, ofreciendo un alto rendimiento y reduciendo la huella de carbono.<\/span><\/p>\n<p>La l\u00ednea de productos GRANIC combina minerales ultrafinos como carbonato de calcio (CaCO3), talco o s\u00edlice, con resinas portadoras de primera calidad como polietileno (PE) y polipropileno (PP) de proveedores l\u00edderes. La adici\u00f3n de GRANIC puede representar hasta el 70% del contenido pl\u00e1stico final, lo que resulta en una reducci\u00f3n significativa del pol\u00edmero virgen mientras se mejoran las propiedades mec\u00e1nicas de la aplicaci\u00f3n final.<\/p>\n                    <\/div>\n                                            <div class=\"product-feature__gallery\">\n                                                            <div class=\"product-feature__gallery--img\">\n                                                                            <a href=\"https:\/\/gcrplasticsolutions.com\/es\/productos\/masterbatch-mineral\/granic-masterbatch-mineral-sostenible\/\">\n                                                                                <img decoding=\"async\" src=\"https:\/\/gcrplasticsolutions.com\/wp-content\/uploads\/2025\/11\/RGRANIC_CERTIFICATIONS-e1764690623821.jpg\" alt=\"Icon\">\n                                                                            <\/a>\n                                                                    <\/div>\n                                                    <\/div>\n                                    <\/div>\n                                    <a href=\"https:\/\/gcrplasticsolutions.com\/es\/productos\/masterbatch-mineral\/granic-masterbatch-mineral-sostenible\/\" target=\"\" class=\"btn btn-primary product-feature__link\">\n                        Conoce m\u00e1s                    <\/a>\n                            <\/div>\n        <\/div>\n                <div class=\"product-feature__main-img \" style=\"background-image: url(https:\/\/gcrplasticsolutions.com\/wp-content\/uploads\/2022\/09\/BIT56601.png)\">\n            <img decoding=\"async\" src=\"https:\/\/gcrplasticsolutions.com\/wp-content\/uploads\/2022\/09\/BIT56601.png\" alt=\"Main Image\" class=\"d-lg-none d-block\">\n        <\/div>\n            <\/div>\n<\/section>\n\n\n\n\n\n<section class=\"product-feature \" id=\"biogranic\">\n    <div class=\"product-feature__wrapper\">\n        <div class=\"product-feature__content\">\n            <div class=\"product-feature__content--main\">\n                <div class=\"product-feature__content--head\">\n                    <h2>\n                        BioGRANIC\u00ae                    <\/h2>\n                    <p>Mineral + Resina Termopl\u00e1stica Compostable<\/p>\n                <\/div>\n                <div class=\"product-feature__conntent--body\">\n                    <div class=\"product-feature__content--description\">\n                        <p><span data-sheets-root=\"1\"><strong>BioGRANIC\u00ae<\/strong> se distingue como nuestro masterbatch mineral m\u00e1s ecol\u00f3gico. Esta l\u00ednea de concentrados minerales est\u00e1 dise\u00f1ada para ofrecer opciones tanto de base biol\u00f3gica como biodegradables, y en algunos casos, ambas caracter\u00edsticas, proporcionando un rendimiento superior y sostenibilidad en films compostables.<\/span><\/p>\n<p>BioGRANIC ayuda a mejorar el rendimiento y el procesamiento de las resinas compostables y\u00a0 es compatible con todos los portadores biocompostables.<\/p>\n                    <\/div>\n                                            <div class=\"product-feature__gallery\">\n                                                            <div class=\"product-feature__gallery--img\">\n                                                                            <a href=\"https:\/\/gcrplasticsolutions.com\/es\/productos\/masterbatch-mineral\/biogranic-el-masterbatch-mineral-bio\/\">\n                                                                                <img decoding=\"async\" src=\"https:\/\/gcrplasticsolutions.com\/wp-content\/uploads\/2025\/11\/Web_Certificaciones-GRANIC-scaled-e1764688324806.png\" alt=\"Icon\">\n                                                                            <\/a>\n                                                                    <\/div>\n                                                    <\/div>\n                                    <\/div>\n                                    <a href=\"https:\/\/gcrplasticsolutions.com\/es\/productos\/masterbatch-mineral\/biogranic-el-masterbatch-mineral-bio\/\" target=\"\" class=\"btn btn-primary product-feature__link\">\n                        Conoce m\u00e1s                    <\/a>\n                            <\/div>\n        <\/div>\n                <div class=\"product-feature__main-img order-lg-first\" style=\"background-image: url(https:\/\/gcrplasticsolutions.com\/wp-content\/uploads\/2024\/04\/BioGRANIC-1.png)\">\n            <img decoding=\"async\" src=\"https:\/\/gcrplasticsolutions.com\/wp-content\/uploads\/2024\/04\/BioGRANIC-1.png\" alt=\"Main Image\" class=\"d-lg-none d-block\">\n        <\/div>\n            <\/div>\n<\/section>\n\n\n\n\n\n<section class=\"product-feature \" id=\"rgranic\">\n    <div class=\"product-feature__wrapper\">\n        <div class=\"product-feature__content\">\n            <div class=\"product-feature__content--main\">\n                <div class=\"product-feature__content--head\">\n                    <h2>\n                        RGRANIC\u00ae                    <\/h2>\n                    <p>Mineral Ultrafino + Resina Pl\u00e1stica Reciclada<\/p>\n                <\/div>\n                <div class=\"product-feature__conntent--body\">\n                    <div class=\"product-feature__content--description\">\n                        <p><span data-sheets-root=\"1\"><strong>RGRANIC\u00ae<\/strong> establece un nuevo est\u00e1ndar de sostenibilidad en masterbatches minerales al integrar resinas recicladas, principalmente basadas en PP y PE, como nuestras reconocidas poliolefinas recicladas CICLIC\u00ae. Incorporando minerales como carbonato de calcio, talco o s\u00edlice, las formulaciones de RGRANIC\u00ae incluyen agentes de absorci\u00f3n de agua, lo que garantiza la compatibilidad con las resinas recicladas y ofrece propiedades de rendimiento similares a las de los pol\u00edmeros v\u00edrgenes.<\/span><\/p>\n                    <\/div>\n                                            <div class=\"product-feature__gallery\">\n                                                            <div class=\"product-feature__gallery--img\">\n                                                                                <img decoding=\"async\" src=\"https:\/\/gcrplasticsolutions.com\/wp-content\/uploads\/2025\/12\/Certificaciones-RGranic-scaled-e1764688209331.png\" alt=\"Icon\">\n                                                                    <\/div>\n                                                    <\/div>\n                                    <\/div>\n                                    <a href=\"https:\/\/gcrplasticsolutions.com\/es\/productos\/masterbatch-mineral\/rgranic\/\" target=\"\" class=\"btn btn-primary product-feature__link\">\n                        Conoce m\u00e1s                    <\/a>\n                            <\/div>\n        <\/div>\n                <div class=\"product-feature__main-img \" style=\"background-image: url(https:\/\/gcrplasticsolutions.com\/wp-content\/uploads\/2024\/03\/Rgranic-reducida.png)\">\n            <img decoding=\"async\" src=\"https:\/\/gcrplasticsolutions.com\/wp-content\/uploads\/2024\/03\/Rgranic-reducida.png\" alt=\"Main Image\" class=\"d-lg-none d-block\">\n        <\/div>\n            <\/div>\n<\/section>\n\n\n\r\n<section class=\"contact-block overflow-hidden \" >\r\n    <div class=\"container\">\r\n        <div class=\"contact-block__wrapper d-flex flex-column flex-lg-row justify-content-between align-items-center\">\r\n            <div class=\"contact-block__texts\">\r\n                <h2 class=\"contact-block__title\">\r\n                   \u00a1Hablemos!                <\/h2>\r\n                <p class=\"contact-block__desc\">\r\n                    Conecta hoy mismo con nuestro equipo de expertos y descubre c\u00f3mo podemos ayudarte.                <\/p>\r\n            <\/div>\r\n            <img decoding=\"async\" src=\"https:\/\/gcrplasticsolutions.com\/wp-content\/themes\/theme\/assets\/img\/shapes-contact.png\" alt=\"Shapes\" class=\"parallaxImage d-none d-lg-block\">\r\n\r\n            <div class=\"contact-block__button\">\r\n                                                            <a href=\"https:\/\/gcrplasticsolutions.com\/es\/contacto\/\" class=\"btn contact-block__btn\">\r\n                            Cont\u00e1ctanos ahora                        <\/a>\r\n                                                <\/div>\r\n        <\/div>\r\n    <\/div>\r\n<\/section>\r\n","protected":false},"excerpt":{"rendered":"","protected":false},"author":10,"featured_media":0,"parent":3114,"menu_order":0,"comment_status":"closed","ping_status":"closed","template":"","meta":{"_acf_changed":true,"footnotes":""},"class_list":["post-3116","page","type-page","status-publish","hentry"],"acf":[],"yoast_head":"<!-- This site is optimized with the Yoast SEO plugin v27.3 - https:\/\/yoast.com\/product\/yoast-seo-wordpress\/ -->\n<title>Masterbatch Mineral Avanzado | GRANIC<\/title>\n<meta name=\"description\" content=\"Explora nuestra l\u00ednea de Masterbatch Mineral Avanzado. Consigue altos niveles de rendimiento y reduce las emisiones de CO2 hasta en un 50%.\" \/>\n<meta name=\"robots\" content=\"index, follow, max-snippet:-1, max-image-preview:large, max-video-preview:-1\" \/>\n<link rel=\"canonical\" href=\"https:\/\/gcrplasticsolutions.com\/es\/productos\/masterbatch-mineral\/\" \/>\n<meta property=\"og:locale\" content=\"es_ES\" \/>\n<meta property=\"og:type\" content=\"article\" \/>\n<meta property=\"og:title\" content=\"Masterbatch Mineral Avanzado | GRANIC\" \/>\n<meta property=\"og:description\" content=\"Explora nuestra l\u00ednea de Masterbatch Mineral Avanzado. Consigue altos niveles de rendimiento y reduce las emisiones de CO2 hasta en un 50%.\" \/>\n<meta property=\"og:url\" content=\"https:\/\/gcrplasticsolutions.com\/es\/productos\/masterbatch-mineral\/\" \/>\n<meta property=\"og:site_name\" content=\"GCR Sustainable Plastic Solutions\" \/>\n<meta property=\"article:modified_time\" content=\"2025-12-02T15:51:33+00:00\" \/>\n<meta name=\"twitter:card\" content=\"summary_large_image\" \/>\n<script type=\"application\/ld+json\" class=\"yoast-schema-graph\">{\"@context\":\"https:\\\/\\\/schema.org\",\"@graph\":[{\"@type\":\"WebPage\",\"@id\":\"https:\\\/\\\/gcrplasticsolutions.com\\\/es\\\/productos\\\/masterbatch-mineral\\\/\",\"url\":\"https:\\\/\\\/gcrplasticsolutions.com\\\/es\\\/productos\\\/masterbatch-mineral\\\/\",\"name\":\"Masterbatch Mineral Avanzado | GRANIC\",\"isPartOf\":{\"@id\":\"https:\\\/\\\/gcrplasticsolutions.com\\\/es\\\/#website\"},\"datePublished\":\"2024-01-09T10:38:51+00:00\",\"dateModified\":\"2025-12-02T15:51:33+00:00\",\"description\":\"Explora nuestra l\u00ednea de Masterbatch Mineral Avanzado. Consigue altos niveles de rendimiento y reduce las emisiones de CO2 hasta en un 50%.\",\"breadcrumb\":{\"@id\":\"https:\\\/\\\/gcrplasticsolutions.com\\\/es\\\/productos\\\/masterbatch-mineral\\\/#breadcrumb\"},\"inLanguage\":\"es\",\"potentialAction\":[{\"@type\":\"ReadAction\",\"target\":[\"https:\\\/\\\/gcrplasticsolutions.com\\\/es\\\/productos\\\/masterbatch-mineral\\\/\"]}]},{\"@type\":\"BreadcrumbList\",\"@id\":\"https:\\\/\\\/gcrplasticsolutions.com\\\/es\\\/productos\\\/masterbatch-mineral\\\/#breadcrumb\",\"itemListElement\":[{\"@type\":\"ListItem\",\"position\":1,\"name\":\"Home\",\"item\":\"https:\\\/\\\/gcrplasticsolutions.com\\\/es\\\/\"},{\"@type\":\"ListItem\",\"position\":2,\"name\":\"Productos\",\"item\":\"https:\\\/\\\/gcrplasticsolutions.com\\\/es\\\/productos\\\/\"},{\"@type\":\"ListItem\",\"position\":3,\"name\":\"GRANIC\u00ae Masterbatch Mineral Sostenible\"}]},{\"@type\":\"WebSite\",\"@id\":\"https:\\\/\\\/gcrplasticsolutions.com\\\/es\\\/#website\",\"url\":\"https:\\\/\\\/gcrplasticsolutions.com\\\/es\\\/\",\"name\":\"GCR Sustainable Plastic Solutions\",\"description\":\"GCR Sustainable Plastic Solutions Website\",\"potentialAction\":[{\"@type\":\"SearchAction\",\"target\":{\"@type\":\"EntryPoint\",\"urlTemplate\":\"https:\\\/\\\/gcrplasticsolutions.com\\\/es\\\/?s={search_term_string}\"},\"query-input\":{\"@type\":\"PropertyValueSpecification\",\"valueRequired\":true,\"valueName\":\"search_term_string\"}}],\"inLanguage\":\"es\"}]}<\/script>\n<!-- \/ Yoast SEO plugin. -->","yoast_head_json":{"title":"Masterbatch Mineral Avanzado | GRANIC","description":"Explora nuestra l\u00ednea de Masterbatch Mineral Avanzado. Consigue altos niveles de rendimiento y reduce las emisiones de CO2 hasta en un 50%.","robots":{"index":"index","follow":"follow","max-snippet":"max-snippet:-1","max-image-preview":"max-image-preview:large","max-video-preview":"max-video-preview:-1"},"canonical":"https:\/\/gcrplasticsolutions.com\/es\/productos\/masterbatch-mineral\/","og_locale":"es_ES","og_type":"article","og_title":"Masterbatch Mineral Avanzado | GRANIC","og_description":"Explora nuestra l\u00ednea de Masterbatch Mineral Avanzado. Consigue altos niveles de rendimiento y reduce las emisiones de CO2 hasta en un 50%.","og_url":"https:\/\/gcrplasticsolutions.com\/es\/productos\/masterbatch-mineral\/","og_site_name":"GCR Sustainable Plastic Solutions","article_modified_time":"2025-12-02T15:51:33+00:00","twitter_card":"summary_large_image","schema":{"@context":"https:\/\/schema.org","@graph":[{"@type":"WebPage","@id":"https:\/\/gcrplasticsolutions.com\/es\/productos\/masterbatch-mineral\/","url":"https:\/\/gcrplasticsolutions.com\/es\/productos\/masterbatch-mineral\/","name":"Masterbatch Mineral Avanzado | GRANIC","isPartOf":{"@id":"https:\/\/gcrplasticsolutions.com\/es\/#website"},"datePublished":"2024-01-09T10:38:51+00:00","dateModified":"2025-12-02T15:51:33+00:00","description":"Explora nuestra l\u00ednea de Masterbatch Mineral Avanzado. Consigue altos niveles de rendimiento y reduce las emisiones de CO2 hasta en un 50%.","breadcrumb":{"@id":"https:\/\/gcrplasticsolutions.com\/es\/productos\/masterbatch-mineral\/#breadcrumb"},"inLanguage":"es","potentialAction":[{"@type":"ReadAction","target":["https:\/\/gcrplasticsolutions.com\/es\/productos\/masterbatch-mineral\/"]}]},{"@type":"BreadcrumbList","@id":"https:\/\/gcrplasticsolutions.com\/es\/productos\/masterbatch-mineral\/#breadcrumb","itemListElement":[{"@type":"ListItem","position":1,"name":"Home","item":"https:\/\/gcrplasticsolutions.com\/es\/"},{"@type":"ListItem","position":2,"name":"Productos","item":"https:\/\/gcrplasticsolutions.com\/es\/productos\/"},{"@type":"ListItem","position":3,"name":"GRANIC\u00ae Masterbatch Mineral Sostenible"}]},{"@type":"WebSite","@id":"https:\/\/gcrplasticsolutions.com\/es\/#website","url":"https:\/\/gcrplasticsolutions.com\/es\/","name":"GCR Sustainable Plastic Solutions","description":"GCR Sustainable Plastic Solutions Website","potentialAction":[{"@type":"SearchAction","target":{"@type":"EntryPoint","urlTemplate":"https:\/\/gcrplasticsolutions.com\/es\/?s={search_term_string}"},"query-input":{"@type":"PropertyValueSpecification","valueRequired":true,"valueName":"search_term_string"}}],"inLanguage":"es"}]}},"_links":{"self":[{"href":"https:\/\/gcrplasticsolutions.com\/es\/wp-json\/wp\/v2\/pages\/3116","targetHints":{"allow":["GET"]}}],"collection":[{"href":"https:\/\/gcrplasticsolutions.com\/es\/wp-json\/wp\/v2\/pages"}],"about":[{"href":"https:\/\/gcrplasticsolutions.com\/es\/wp-json\/wp\/v2\/types\/page"}],"author":[{"embeddable":true,"href":"https:\/\/gcrplasticsolutions.com\/es\/wp-json\/wp\/v2\/users\/10"}],"replies":[{"embeddable":true,"href":"https:\/\/gcrplasticsolutions.com\/es\/wp-json\/wp\/v2\/comments?post=3116"}],"version-history":[{"count":0,"href":"https:\/\/gcrplasticsolutions.com\/es\/wp-json\/wp\/v2\/pages\/3116\/revisions"}],"up":[{"embeddable":true,"href":"https:\/\/gcrplasticsolutions.com\/es\/wp-json\/wp\/v2\/pages\/3114"}],"wp:attachment":[{"href":"https:\/\/gcrplasticsolutions.com\/es\/wp-json\/wp\/v2\/media?parent=3116"}],"curies":[{"name":"wp","href":"https:\/\/api.w.org\/{rel}","templated":true}]}}