{"id":3119,"date":"2024-02-26T10:11:46","date_gmt":"2024-02-26T08:11:46","guid":{"rendered":"https:\/\/gcr-group.local\/productos\/granic-masterbatch-mineral-sostenible\/rgranic\/"},"modified":"2025-12-02T17:37:08","modified_gmt":"2025-12-02T15:37:08","slug":"rgranic","status":"publish","type":"page","link":"https:\/\/gcrplasticsolutions.com\/es\/productos\/masterbatch-mineral\/rgranic\/","title":{"rendered":"RGRANIC\u00ae"},"content":{"rendered":"<section class=\"header-block \" id=\"headerBlock\">\n            <div class=\"header-block__bg-overlay \" style=\"background: linear-gradient(90deg, rgba(26, 26, 25, 0.6) 0.28%, rgba(26, 26, 25, 0) 100%), url('https:\/\/gcrplasticsolutions.com\/wp-content\/uploads\/2024\/04\/RGranic.png'); background-position: 50%; background-size: cover;\">\n                            <div class=\"container\" >\n                <div class=\"header-block__content\">\n                    <div class=\"header-block__text-info\">\n                                                    <h1 class=\"header-block__heading\">\n                                RGRANIC\u00ae                            <\/h1>\n                                                    <p class=\"header-block__subheading\">\n                                Masterbatch de Alto Rendimiento Basado en Material Reciclado                            <\/p>\n                        \n                    <\/div>\n                                                <div class=\"header-block__button\">\n                                <a href=\"https:\/\/gcrplasticsolutions.com\/es\/contacto\/#contactus\" target=\"\" class=\"btn btn-primary\">\n                                    \u00a1Habla con un Experto!                                <\/a>\n                            <\/div>\n                        \n                                                            \n                <\/div>\n            <\/div>\n            <\/div>\n<\/section>\n    <section class=\"breadcrumbs\">\n        <div class=\"container\">\n            <div class=\"breadcrumbs__wrapper\">\n                <a href=\"https:\/\/gcrplasticsolutions.com\/es\/\">\n                    <img decoding=\"async\" src=\"https:\/\/gcrplasticsolutions.com\/wp-content\/themes\/theme\/assets\/img\/chevron-small-left.svg\" alt=\"Home\">\n                    Inicio                <\/a>\n\n                                    <span class=\"breadcrumbs__separator\">\/<\/span>\n                    <a href=\"https:\/\/gcrplasticsolutions.com\/es\/productos\/\">Productos<\/a>\n                                    <span class=\"breadcrumbs__separator\">\/<\/span>\n                    <a href=\"https:\/\/gcrplasticsolutions.com\/es\/productos\/masterbatch-mineral\/\">GRANIC\u00ae Masterbatch Mineral Sostenible<\/a>\n                \n                <span class=\"breadcrumbs__separator\">\/<\/span>\n                <span class=\"breadcrumbs__active\">RGRANIC\u00ae<\/span>\n            <\/div>\n        <\/div>\n    <\/section>\n\n\n\n\r\n<section class=\"products-information  \" >\r\n    <div class=\"container\">\r\n        <div class=\"products-information__wrapper\">\r\n            <div class=\"d-flex flex-column\">\r\n                <h2 class=\"products-information__title\">\r\n                    <strong>RGRANIC\u00ae<br \/>\r\n<\/strong><span data-sheets-root=\"1\">Masterbatch 100% Reciclable<\/span>                <\/h2>\r\n                                    <p class=\"products-information__desc\">\r\n                        <p><span data-sheets-root=\"1\"><strong>RGRANIC\u00ae<\/strong> se destaca como nuestro masterbatch l\u00edder basado en material reciclado. RGRANIC\u00ae combina un concentrado mineral con una resina portadora reciclada de alta calidad, principalmente rPP y rPE. Con minerales como carbonato de calcio, talco o s\u00edlice, las formulaciones de RGRANIC\u00ae incorporan agentes de absorci\u00f3n de agua, mitigando la humedad derivada de las poliolefinas recicladas, mientras ofrece el rendimiento esperado de pol\u00edmeros v\u00edrgenes.<\/span><\/p>\n                    <\/p>\r\n                            <\/div>\r\n            <div class=\"products-information__content\">\r\n                                                    <div class=\"products-information__content--rows\">\r\n                                                    <div class=\"products-information__content--row\">\r\n                                                                                                                                    <div class=\"row-desc\">\r\n                                        <p><img loading=\"lazy\" decoding=\"async\" class=\"alignnone  wp-image-2486\" src=\"https:\/\/gcrplasticsolutions.com\/wp-content\/uploads\/2024\/05\/RGRANIC_com-300x300.png\" alt=\"\" width=\"480\" height=\"480\" srcset=\"https:\/\/gcrplasticsolutions.com\/wp-content\/uploads\/2024\/05\/RGRANIC_com-300x300.png 300w, https:\/\/gcrplasticsolutions.com\/wp-content\/uploads\/2024\/05\/RGRANIC_com-1024x1024.png 1024w, https:\/\/gcrplasticsolutions.com\/wp-content\/uploads\/2024\/05\/RGRANIC_com-150x150.png 150w, https:\/\/gcrplasticsolutions.com\/wp-content\/uploads\/2024\/05\/RGRANIC_com-768x768.png 768w, https:\/\/gcrplasticsolutions.com\/wp-content\/uploads\/2024\/05\/RGRANIC_com.png 1200w\" sizes=\"auto, (max-width: 480px) 100vw, 480px\" \/><\/p>\n                                    <\/div>\r\n                                                            <\/div>\r\n                                            <\/div>\r\n                                            <\/div>\r\n        <\/div>\r\n    <\/div>\r\n<\/section>\r\n\n\n\r\n<section class=\"end-markets \" >\r\n    <div class=\"container\">\r\n        <h2 class=\"end-markets__title\">\r\n            Mercados Finales de RGRANIC        <\/h2>\r\n        <div class=\"end-markets__wrapper\">\r\n            <div class=\"row\">\r\n                                                            <div class=\"col-lg-4 col-6\">\r\n                            <div class=\"end-markets__icon d-flex align-items-center justify-content-center flex-column\">\r\n                                                                                                            <a href=\"https:\/\/gcrplasticsolutions.com\/es\/packaging-flexible\/\">  <img decoding=\"async\" src=\"https:\/\/gcrplasticsolutions.com\/wp-content\/uploads\/2022\/09\/Packaging-flexible-e1664265128792.png\" alt=\"\">\r\n                                                                                <\/a>\r\n                                                                                                                                        <a href=\"https:\/\/gcrplasticsolutions.com\/es\/packaging-flexible\/\">  <h5>\r\n                                        Packaging Flexible                                    <\/h5>\r\n                                                                        <\/a>\r\n                                                            <\/div>\r\n                        <\/div>\r\n                                            <div class=\"col-lg-4 col-6\">\r\n                            <div class=\"end-markets__icon d-flex align-items-center justify-content-center flex-column\">\r\n                                                                     <img decoding=\"async\" src=\"https:\/\/gcrplasticsolutions.com\/wp-content\/uploads\/2022\/09\/Agriculture-e1664265395572.png\" alt=\"\">\r\n                                                                                                         <h5>\r\n                                        Agricultura                                    <\/h5>\r\n                                                                <\/div>\r\n                        <\/div>\r\n                                                <\/div>\r\n        <\/div>\r\n    <\/div>\r\n<\/section>\n\n\r\n<section class=\"products-information  \" >\r\n    <div class=\"container\">\r\n        <div class=\"products-information__wrapper\">\r\n            <div class=\"d-flex flex-column\">\r\n                <h2 class=\"products-information__title\">\r\n                    RGRANIC\u00ae CERTIFICATIONS                <\/h2>\r\n                                    <p class=\"products-information__desc\">\r\n                        <ul>\n<li>ISO 14067: Huella de Carbono<\/li>\n<li><span data-sheets-root=\"1\">ISCC: Contenido de Material Sostenible con Balance de Masa<\/span><\/li>\n<li>UNE \u2013 EN 15343: Contenido de Pl\u00e1stico Reciclado<\/li>\n<\/ul>\n                    <\/p>\r\n                            <\/div>\r\n            <div class=\"products-information__content\">\r\n                                                                    <div class=\"products-information__gallery\">\r\n                                                    <div class=\"products-information__gallery--img\">\r\n                                                                    <img decoding=\"async\" src=\"https:\/\/gcrplasticsolutions.com\/wp-content\/uploads\/2025\/12\/Certificaciones-RGRANIC-2-e1764689317595.png\" alt=\"Icon\">\r\n                                                            <\/div>\r\n                                            <\/div>\r\n                            <\/div>\r\n        <\/div>\r\n    <\/div>\r\n<\/section>\r\n\n\n\n<section class=\"info-columns \" >\n    <div class=\"container\">\n        <div class=\"info-columns__wrapper\">\n            <h2 class=\"info-columns__heading\"><p><strong>\u00bfPor qu\u00e9 elegir RGRANIC vs otros concentrados con Material Reciclado?<\/strong><\/p>\n<\/h2>\n            <div class=\"info-columns__block\">\n                <div class=\"row\">\n                                        <div class=\"col-lg-4\">\n                        <div class=\"info-columns__content\">\n                                <p><strong>Eficiencias en Procesabilidad<\/strong><\/p>\n<ul>\n<li><span data-sheets-root=\"1\">Incremento de producci\u00f3n<\/span><\/li>\n<li><span data-sheets-root=\"1\">Excelente tasa de dispersi\u00f3n<\/span><\/li>\n<li><span data-sheets-root=\"1\">Minimiza el consumo de energ\u00eda<\/span><\/li>\n<li><span data-sheets-root=\"1\">Capacidad Activa de Absorci\u00f3n de Agua<\/span><\/li>\n<\/ul>\n                        <\/div>\n                    <\/div>\n                                        <div class=\"col-lg-4\">\n                        <div class=\"info-columns__content\">\n                                <p><strong>Excelente Rendimient<\/strong><\/p>\n<ul>\n<li><span data-sheets-root=\"1\">Rendimiento superior<\/span><\/li>\n<li><span data-sheets-root=\"1\">Propiedades mec\u00e1nicas mejoradas<\/span><\/li>\n<\/ul>\n                        <\/div>\n                    <\/div>\n                                        <div class=\"col-lg-4\">\n                        <div class=\"info-columns__content\">\n                                <p><strong>Una Elecci\u00f3n Sostenible<\/strong><\/p>\n<ul>\n<li><span data-sheets-root=\"1\">100% reciclable<\/span><\/li>\n<li><span data-sheets-root=\"1\">Huella de carbono certificada<\/span><\/li>\n<li><span data-sheets-root=\"1\">Eficiencia energ\u00e9tica<\/span><\/li>\n<\/ul>\n                        <\/div>\n                    <\/div>\n                                    <\/div>\n            <\/div>\n        <\/div>\n    <\/div>\n<\/section>\n\n\n\r\n<section class=\"contact-block overflow-hidden \" >\r\n    <div class=\"container\">\r\n        <div class=\"contact-block__wrapper d-flex flex-column flex-lg-row justify-content-between align-items-center\">\r\n            <div class=\"contact-block__texts\">\r\n                <h2 class=\"contact-block__title\">\r\n                   \u00a1Hablemos!                <\/h2>\r\n                <p class=\"contact-block__desc\">\r\n                    Conecta hoy mismo con nuestro equipo de expertos y descubre c\u00f3mo podemos ayudarte.                <\/p>\r\n            <\/div>\r\n            <img decoding=\"async\" src=\"https:\/\/gcrplasticsolutions.com\/wp-content\/themes\/theme\/assets\/img\/shapes-contact.png\" alt=\"Shapes\" class=\"parallaxImage d-none d-lg-block\">\r\n\r\n            <div class=\"contact-block__button\">\r\n                                                            <a href=\"https:\/\/gcrplasticsolutions.com\/es\/contacto\/\" class=\"btn contact-block__btn\">\r\n                            Cont\u00e1ctanos ahora                        <\/a>\r\n                                                <\/div>\r\n        <\/div>\r\n    <\/div>\r\n<\/section>\r\n","protected":false},"excerpt":{"rendered":"","protected":false},"author":10,"featured_media":0,"parent":3116,"menu_order":0,"comment_status":"closed","ping_status":"closed","template":"","meta":{"_acf_changed":true,"footnotes":""},"class_list":["post-3119","page","type-page","status-publish","hentry"],"acf":[],"yoast_head":"<!-- This site is optimized with the Yoast SEO plugin v27.3 - https:\/\/yoast.com\/product\/yoast-seo-wordpress\/ -->\n<title>RGRANIC\u00ae Pioneering Recycled-Based Masterbatches | GCR<\/title>\n<meta name=\"description\" content=\"Elige RGRANIC\u00ae \u2013 el masterbatch que incorpora materiales reciclados reduciendo el uso de pl\u00e1stico virgen y mejorando las propiedades mec\u00e1nicas. 100% reciclable y dise\u00f1ado para soluciones circulares. \u00a1Descubre m\u00e1s aqu\u00ed!\" \/>\n<meta name=\"robots\" content=\"index, follow, max-snippet:-1, max-image-preview:large, max-video-preview:-1\" \/>\n<link rel=\"canonical\" href=\"https:\/\/gcrplasticsolutions.com\/es\/productos\/masterbatch-mineral\/rgranic\/\" \/>\n<meta property=\"og:locale\" content=\"es_ES\" \/>\n<meta property=\"og:type\" content=\"article\" \/>\n<meta property=\"og:title\" content=\"RGRANIC\u00ae Pioneering Recycled-Based Masterbatches | GCR\" \/>\n<meta property=\"og:description\" content=\"Elige RGRANIC\u00ae \u2013 el masterbatch que incorpora materiales reciclados reduciendo el uso de pl\u00e1stico virgen y mejorando las propiedades mec\u00e1nicas. 100% reciclable y dise\u00f1ado para soluciones circulares. \u00a1Descubre m\u00e1s aqu\u00ed!\" \/>\n<meta property=\"og:url\" content=\"https:\/\/gcrplasticsolutions.com\/es\/productos\/masterbatch-mineral\/rgranic\/\" \/>\n<meta property=\"og:site_name\" content=\"GCR Sustainable Plastic Solutions\" \/>\n<meta property=\"article:modified_time\" content=\"2025-12-02T15:37:08+00:00\" \/>\n<meta name=\"twitter:card\" content=\"summary_large_image\" \/>\n<script type=\"application\/ld+json\" class=\"yoast-schema-graph\">{\"@context\":\"https:\\\/\\\/schema.org\",\"@graph\":[{\"@type\":\"WebPage\",\"@id\":\"https:\\\/\\\/gcrplasticsolutions.com\\\/es\\\/productos\\\/masterbatch-mineral\\\/rgranic\\\/\",\"url\":\"https:\\\/\\\/gcrplasticsolutions.com\\\/es\\\/productos\\\/masterbatch-mineral\\\/rgranic\\\/\",\"name\":\"RGRANIC\u00ae Pioneering Recycled-Based Masterbatches | GCR\",\"isPartOf\":{\"@id\":\"https:\\\/\\\/gcrplasticsolutions.com\\\/es\\\/#website\"},\"datePublished\":\"2024-02-26T08:11:46+00:00\",\"dateModified\":\"2025-12-02T15:37:08+00:00\",\"description\":\"Elige RGRANIC\u00ae \u2013 el masterbatch que incorpora materiales reciclados reduciendo el uso de pl\u00e1stico virgen y mejorando las propiedades mec\u00e1nicas. 100% reciclable y dise\u00f1ado para soluciones circulares. \u00a1Descubre m\u00e1s aqu\u00ed!\",\"breadcrumb\":{\"@id\":\"https:\\\/\\\/gcrplasticsolutions.com\\\/es\\\/productos\\\/masterbatch-mineral\\\/rgranic\\\/#breadcrumb\"},\"inLanguage\":\"es\",\"potentialAction\":[{\"@type\":\"ReadAction\",\"target\":[\"https:\\\/\\\/gcrplasticsolutions.com\\\/es\\\/productos\\\/masterbatch-mineral\\\/rgranic\\\/\"]}]},{\"@type\":\"BreadcrumbList\",\"@id\":\"https:\\\/\\\/gcrplasticsolutions.com\\\/es\\\/productos\\\/masterbatch-mineral\\\/rgranic\\\/#breadcrumb\",\"itemListElement\":[{\"@type\":\"ListItem\",\"position\":1,\"name\":\"Home\",\"item\":\"https:\\\/\\\/gcrplasticsolutions.com\\\/es\\\/\"},{\"@type\":\"ListItem\",\"position\":2,\"name\":\"Productos\",\"item\":\"https:\\\/\\\/gcrplasticsolutions.com\\\/es\\\/productos\\\/\"},{\"@type\":\"ListItem\",\"position\":3,\"name\":\"GRANIC\u00ae Masterbatch Mineral Sostenible\",\"item\":\"https:\\\/\\\/gcrplasticsolutions.com\\\/es\\\/productos\\\/masterbatch-mineral\\\/\"},{\"@type\":\"ListItem\",\"position\":4,\"name\":\"RGRANIC\u00ae\"}]},{\"@type\":\"WebSite\",\"@id\":\"https:\\\/\\\/gcrplasticsolutions.com\\\/es\\\/#website\",\"url\":\"https:\\\/\\\/gcrplasticsolutions.com\\\/es\\\/\",\"name\":\"GCR Sustainable Plastic Solutions\",\"description\":\"GCR Sustainable Plastic Solutions Website\",\"potentialAction\":[{\"@type\":\"SearchAction\",\"target\":{\"@type\":\"EntryPoint\",\"urlTemplate\":\"https:\\\/\\\/gcrplasticsolutions.com\\\/es\\\/?s={search_term_string}\"},\"query-input\":{\"@type\":\"PropertyValueSpecification\",\"valueRequired\":true,\"valueName\":\"search_term_string\"}}],\"inLanguage\":\"es\"}]}<\/script>\n<!-- \/ Yoast SEO plugin. -->","yoast_head_json":{"title":"RGRANIC\u00ae Pioneering Recycled-Based Masterbatches | GCR","description":"Elige RGRANIC\u00ae \u2013 el masterbatch que incorpora materiales reciclados reduciendo el uso de pl\u00e1stico virgen y mejorando las propiedades mec\u00e1nicas. 100% reciclable y dise\u00f1ado para soluciones circulares. \u00a1Descubre m\u00e1s aqu\u00ed!","robots":{"index":"index","follow":"follow","max-snippet":"max-snippet:-1","max-image-preview":"max-image-preview:large","max-video-preview":"max-video-preview:-1"},"canonical":"https:\/\/gcrplasticsolutions.com\/es\/productos\/masterbatch-mineral\/rgranic\/","og_locale":"es_ES","og_type":"article","og_title":"RGRANIC\u00ae Pioneering Recycled-Based Masterbatches | GCR","og_description":"Elige RGRANIC\u00ae \u2013 el masterbatch que incorpora materiales reciclados reduciendo el uso de pl\u00e1stico virgen y mejorando las propiedades mec\u00e1nicas. 100% reciclable y dise\u00f1ado para soluciones circulares. \u00a1Descubre m\u00e1s aqu\u00ed!","og_url":"https:\/\/gcrplasticsolutions.com\/es\/productos\/masterbatch-mineral\/rgranic\/","og_site_name":"GCR Sustainable Plastic Solutions","article_modified_time":"2025-12-02T15:37:08+00:00","twitter_card":"summary_large_image","schema":{"@context":"https:\/\/schema.org","@graph":[{"@type":"WebPage","@id":"https:\/\/gcrplasticsolutions.com\/es\/productos\/masterbatch-mineral\/rgranic\/","url":"https:\/\/gcrplasticsolutions.com\/es\/productos\/masterbatch-mineral\/rgranic\/","name":"RGRANIC\u00ae Pioneering Recycled-Based Masterbatches | GCR","isPartOf":{"@id":"https:\/\/gcrplasticsolutions.com\/es\/#website"},"datePublished":"2024-02-26T08:11:46+00:00","dateModified":"2025-12-02T15:37:08+00:00","description":"Elige RGRANIC\u00ae \u2013 el masterbatch que incorpora materiales reciclados reduciendo el uso de pl\u00e1stico virgen y mejorando las propiedades mec\u00e1nicas. 100% reciclable y dise\u00f1ado para soluciones circulares. \u00a1Descubre m\u00e1s aqu\u00ed!","breadcrumb":{"@id":"https:\/\/gcrplasticsolutions.com\/es\/productos\/masterbatch-mineral\/rgranic\/#breadcrumb"},"inLanguage":"es","potentialAction":[{"@type":"ReadAction","target":["https:\/\/gcrplasticsolutions.com\/es\/productos\/masterbatch-mineral\/rgranic\/"]}]},{"@type":"BreadcrumbList","@id":"https:\/\/gcrplasticsolutions.com\/es\/productos\/masterbatch-mineral\/rgranic\/#breadcrumb","itemListElement":[{"@type":"ListItem","position":1,"name":"Home","item":"https:\/\/gcrplasticsolutions.com\/es\/"},{"@type":"ListItem","position":2,"name":"Productos","item":"https:\/\/gcrplasticsolutions.com\/es\/productos\/"},{"@type":"ListItem","position":3,"name":"GRANIC\u00ae Masterbatch Mineral Sostenible","item":"https:\/\/gcrplasticsolutions.com\/es\/productos\/masterbatch-mineral\/"},{"@type":"ListItem","position":4,"name":"RGRANIC\u00ae"}]},{"@type":"WebSite","@id":"https:\/\/gcrplasticsolutions.com\/es\/#website","url":"https:\/\/gcrplasticsolutions.com\/es\/","name":"GCR Sustainable Plastic Solutions","description":"GCR Sustainable Plastic Solutions Website","potentialAction":[{"@type":"SearchAction","target":{"@type":"EntryPoint","urlTemplate":"https:\/\/gcrplasticsolutions.com\/es\/?s={search_term_string}"},"query-input":{"@type":"PropertyValueSpecification","valueRequired":true,"valueName":"search_term_string"}}],"inLanguage":"es"}]}},"_links":{"self":[{"href":"https:\/\/gcrplasticsolutions.com\/es\/wp-json\/wp\/v2\/pages\/3119","targetHints":{"allow":["GET"]}}],"collection":[{"href":"https:\/\/gcrplasticsolutions.com\/es\/wp-json\/wp\/v2\/pages"}],"about":[{"href":"https:\/\/gcrplasticsolutions.com\/es\/wp-json\/wp\/v2\/types\/page"}],"author":[{"embeddable":true,"href":"https:\/\/gcrplasticsolutions.com\/es\/wp-json\/wp\/v2\/users\/10"}],"replies":[{"embeddable":true,"href":"https:\/\/gcrplasticsolutions.com\/es\/wp-json\/wp\/v2\/comments?post=3119"}],"version-history":[{"count":0,"href":"https:\/\/gcrplasticsolutions.com\/es\/wp-json\/wp\/v2\/pages\/3119\/revisions"}],"up":[{"embeddable":true,"href":"https:\/\/gcrplasticsolutions.com\/es\/wp-json\/wp\/v2\/pages\/3116"}],"wp:attachment":[{"href":"https:\/\/gcrplasticsolutions.com\/es\/wp-json\/wp\/v2\/media?parent=3119"}],"curies":[{"name":"wp","href":"https:\/\/api.w.org\/{rel}","templated":true}]}}