{"id":3171,"date":"2022-09-05T11:57:27","date_gmt":"2022-09-05T09:57:27","guid":{"rendered":"https:\/\/gcr-group.local\/declaracion-de-privacidad\/"},"modified":"2024-12-05T16:11:35","modified_gmt":"2024-12-05T16:11:35","slug":"declaracion-de-privacidad","status":"publish","type":"page","link":"https:\/\/gcrplasticsolutions.com\/es\/declaracion-de-privacidad\/","title":{"rendered":"Declaraci\u00f3n de Privacidad"},"content":{"rendered":"\n<h2 class=\"wp-block-heading\">GENERAL<\/h2>\n\n\n\n<p>GESTORA CATALANA DE RESIDUOS, S.L.U. (en adelante, \u201cGCR\u201d), con domicilio social en calle Mayor 32, 2-1, despacho Uni\u00f3n, 08221 Terrassa, Espa\u00f1a, es responsable del tratamiento de todos los datos personales recopilados a trav\u00e9s del sitio web (en adelante, el \u201cSitio Web\u201d). GCR respeta tu privacidad y se compromete a mantener tus Datos Personales seguros, gestion\u00e1ndolos de acuerdo con sus responsabilidades legales bajo las leyes de protecci\u00f3n de datos aplicables, en particular el Reglamento (UE) 2016\/679 del Parlamento Europeo y del Consejo del 27 de abril de 2016 relativo a la protecci\u00f3n de las personas f\u00edsicas en lo que respecta al tratamiento de datos personales y a la libre circulaci\u00f3n de estos datos (en adelante, \u201cGDPR\u201d).<br>Por favor, lee este Aviso de Protecci\u00f3n de Datos detenidamente, ya que contiene informaci\u00f3n importante para ayudarte a comprender nuestras pr\u00e1cticas en relaci\u00f3n con cualquier informaci\u00f3n personal que nos proporciones o que recopilemos de otra forma en el contexto del Sitio Web (los \u201cDatos Personales\u201d).<\/p>\n\n\n\n<h3 class=\"wp-block-heading\"><strong>1. \u00bfQu\u00e9 datos personales recopilamos y c\u00f3mo los utilizamos?<\/strong><\/h3>\n\n\n\n<p>Puedes utilizar la mayor parte del Sitio Web sin necesidad de proporcionarnos Datos Personales. Sin embargo, para contactarnos, obtener informaci\u00f3n adicional sobre nuestros productos y servicios, o postularte a una vacante en la secci\u00f3n de empleo, deber\u00e1s proporcionar Datos Personales a trav\u00e9s de nuestros formularios de contacto. Solo utilizaremos estos datos para proporcionarte la informaci\u00f3n solicitada o para considerar tu candidatura a un puesto vacante. Nos referimos a estos datos como \u201cDatos de Contacto\u201d.<br>Los Datos de Contacto que recopilamos son los siguientes:<br>&#8211; Nombre y apellidos<br>&#8211; Nombre de la empresa<br>&#8211; Correo electr\u00f3nico<br>&#8211; N\u00famero de tel\u00e9fono<br>&#8211; Pa\u00eds<br><br>En caso de que postules a una vacante en la secci\u00f3n de empleo, tambi\u00e9n te solicitaremos que nos proporciones tu CV.<br>Adem\u00e1s, si has dado tu consentimiento para recibir informaci\u00f3n promocional por correo electr\u00f3nico sobre nuestros productos y servicios, procesaremos los siguientes datos personales:<br>&#8211; Nombre y apellidos<br>&#8211; Direcci\u00f3n de correo electr\u00f3nico<br>&#8211; \u00c1reas de inter\u00e9s<br><br>Nos referimos a estos datos como \u201cDatos Promocionales\u201d.<br>Adicionalmente, recopilamos ciertos datos autom\u00e1ticamente cuando visitas nuestro Sitio Web, incluyendo informaci\u00f3n sobre tu navegador web, direcci\u00f3n IP, zona horaria y algunas de las cookies instaladas en tu dispositivo.<br>Mientras navegas por el Sitio Web, tambi\u00e9n recopilamos informaci\u00f3n sobre las p\u00e1ginas individuales o productos que consultas, los sitios web o t\u00e9rminos de b\u00fasqueda que te remitieron al Sitio Web, y c\u00f3mo interact\u00faas con este. Nos referimos a esta informaci\u00f3n recopilada autom\u00e1ticamente como \u201cInformaci\u00f3n del Dispositivo\u201d.<br>Recopilamos la Informaci\u00f3n del Dispositivo utilizando las siguientes tecnolog\u00edas:<br>&#8211; **Cookies**: archivos de datos que se colocan en tu dispositivo o computadora y que a menudo incluyen un identificador \u00fanico an\u00f3nimo.<br>&#8211; **Archivos de registro (Log files)**: rastrean las acciones realizadas en el Sitio Web y recopilan datos como tu direcci\u00f3n IP, tipo de navegador, proveedor de servicios de Internet, p\u00e1ginas de entrada\/salida y marcas de tiempo.<br><br>Usamos la Informaci\u00f3n del Dispositivo para operar, analizar y mejorar nuestro Sitio Web.<\/p>\n\n\n\n<p><strong>2: \u00bfCu\u00e1les son las bases legales que nos permiten procesar tus datos personales?<\/strong><\/p>\n\n\n\n<p>Procesamos los Datos de Contacto para responder a tus solicitudes de informaci\u00f3n y evaluar tu candidatura en el marco de cualquier procedimiento de selecci\u00f3n abierto anunciado en el Sitio Web. Consideramos que tenemos un inter\u00e9s leg\u00edtimo en utilizar tus datos personales para proporcionarte la informaci\u00f3n requerida sobre nuestros productos y servicios (de conformidad con el Art. 6 (1) (f) GDPR). En caso de que la solicitud de informaci\u00f3n derive en una compra, los datos ser\u00e1n procesados sobre la base de la necesidad de ejecutar un contrato en el que el interesado sea parte (de conformidad con el Art. 6 (1) (b) GDPR).<\/p>\n\n\n\n<p>Tambi\u00e9n consideramos que tenemos un inter\u00e9s leg\u00edtimo en utilizar tus datos personales para evaluar que se cumplan las competencias requeridas para la contrataci\u00f3n de nuevos empleados y evaluar la idoneidad del candidato (de conformidad con el Art. 6 (1) (f) GDPR), as\u00ed como para mantener una lista de candidatos potencialmente adecuados en caso de que se abran vacantes similares en la empresa. En caso de que tu candidatura sea seleccionada, los datos se procesar\u00e1n sobre la base de la necesidad de ejecutar un contrato laboral contigo (de conformidad con el Art. 6 (1) (b) GDPR).<\/p>\n\n\n\n<p>Procesamos los Datos Promocionales con fines de marketing bas\u00e1ndonos en el consentimiento que nos otorgas al aceptar recibir informaci\u00f3n promocional por correo electr\u00f3nico sobre nuestros productos y servicios (de conformidad con el Art. 6 (1) (a) GDPR).<\/p>\n\n\n\n<p>Procesamos la Informaci\u00f3n del Dispositivo para la operaci\u00f3n, an\u00e1lisis y mejora de nuestro Sitio Web. Consideramos que tenemos un inter\u00e9s leg\u00edtimo en utilizar tus datos personales para proporcionar un servicio de mayor calidad (de conformidad con el Art. 6 (1) (f) GDPR).<\/p>\n\n\n\n<p><strong>3. \u00bfPor cu\u00e1nto tiempo conservaremos tus datos?<\/strong><\/p>\n\n\n\n<p>Procesaremos tus <strong>Datos de Contacto<\/strong> durante el tiempo necesario para atender tu solicitud o aplicaci\u00f3n en cualquier procedimiento de selecci\u00f3n abierto anunciado en nuestro Sitio Web, incluyendo cualquier acci\u00f3n de seguimiento que pueda derivarse, como una compra o la formalizaci\u00f3n de un contrato laboral.<br>En caso de que la solicitud derive en una compra, conservaremos los datos durante el tiempo que dure la relaci\u00f3n comercial y, una vez terminada, por un per\u00edodo adicional de 3 a\u00f1os, salvo que la ley exija un plazo de almacenamiento m\u00e1s prolongado, sea necesario en relaci\u00f3n con procedimientos legales, o est\u00e9 justificado por un prop\u00f3sito espec\u00edfico bajo la legislaci\u00f3n aplicable.<\/p>\n\n\n\n<p>Si no se derivan acciones de seguimiento de tu solicitud de informaci\u00f3n, los datos se conservar\u00e1n durante un m\u00e1ximo de 6 meses.<\/p>\n\n\n\n<p>En el caso de un procedimiento de selecci\u00f3n de personal, conservaremos tus datos durante un per\u00edodo de 1 a\u00f1o. Si el procedimiento concluye con la formalizaci\u00f3n de un contrato laboral, tus datos personales ser\u00e1n tratados conforme a la pol\u00edtica de privacidad para empleados.<\/p>\n\n\n\n<p>Procesaremos los <strong>Datos Promocionales<\/strong> durante un per\u00edodo m\u00e1ximo de 6 meses.<\/p>\n\n\n\n<p>Procesaremos la <strong>Informaci\u00f3n del Dispositivo<\/strong> ocasionalmente durante el tiempo necesario para llevar a cabo acciones espec\u00edficas de calidad o hasta que se anonimicen tus datos de navegaci\u00f3n. En cualquier caso, los datos se conservar\u00e1n durante un m\u00e1ximo de 6 meses.<\/p>\n\n\n\n<p><strong>4. \u00bfQui\u00e9n tiene acceso a tus datos personales?<\/strong><\/p>\n\n\n\n<p>Podemos necesitar proporcionar acceso a tus datos personales a otras empresas que formen parte de nuestro grupo. En esos casos, te proporcionaremos la informaci\u00f3n necesaria con antelaci\u00f3n y solicitaremos tu consentimiento.<\/p>\n\n\n\n<p>Adem\u00e1s, es posible que necesitemos proporcionar acceso a terceros que nos brinden soporte en los servicios que te ofrecemos. Estas partes pueden estar ubicadas dentro de la Uni\u00f3n Europea, en otros pa\u00edses del Espacio Econ\u00f3mico Europeo o en otras partes del mundo. Cuando los datos personales sean almacenados fuera del EEE o se utilicen subprocesadores de fuera del EEE, como proveedores de soluciones en la nube, garantizaremos un nivel adecuado de protecci\u00f3n de los datos transferidos. Exigimos a los proveedores de servicios que implementen medidas apropiadas para proteger la confidencialidad y seguridad de los datos personales. En cualquier caso, te proporcionaremos la informaci\u00f3n necesaria con antelaci\u00f3n y solicitaremos tu consentimiento.<\/p>\n\n\n\n<p>Tambi\u00e9n podemos necesitar proporcionar datos personales a las autoridades legales para cumplir con cualquier obligaci\u00f3n legal o resoluci\u00f3n judicial.<\/p>\n\n\n\n<p>Finalmente, tus datos tambi\u00e9n ser\u00e1n accesibles para nuestro personal autorizado que tiene derecho a acceder y procesar tus datos. Esta autorizaci\u00f3n se otorgar\u00e1 \u00fanicamente sobre la base de la necesidad de conocer los datos para llevar a cabo sus funciones.<\/p>\n\n\n\n<p><strong>5: Seguridad de los datos personales<\/strong><\/p>\n\n\n\n<p>Adoptamos medidas t\u00e9cnicas, f\u00edsicas y organizativas adecuadas para proteger los Datos Personales recopilados a trav\u00e9s del Sitio Web frente a usos indebidos, destrucci\u00f3n accidental o il\u00edcita, p\u00e9rdida, alteraci\u00f3n, divulgaci\u00f3n, adquisici\u00f3n o acceso no autorizados. Estas medidas est\u00e1n en l\u00ednea con las leyes y regulaciones aplicables en materia de privacidad y seguridad de los datos.<\/p>\n\n\n\n<p>Sin embargo, ning\u00fan sitio basado en internet puede considerarse 100% seguro, y no podemos responsabilizarnos por accesos no autorizados o no intencionados que est\u00e9n fuera de nuestro control.<\/p>\n\n\n\n<p>Nuestro Sitio Web puede contener enlaces a otros sitios web. No somos responsables de las pr\u00e1cticas de privacidad, contenido o medidas de seguridad utilizadas por dichos sitios web, los cuales no estar\u00e1n regidos por este Aviso de Protecci\u00f3n de Datos. Te recomendamos que siempre leas detenidamente las pol\u00edticas de privacidad de estos otros sitios web.<\/p>\n\n\n\n<p><strong>6. <\/strong><strong>Tus derechos<\/strong><\/p>\n\n\n\n<p>Cumplimos plenamente con las obligaciones establecidas en el <strong>GDPR<\/strong>, otorgando m\u00e1xima prioridad al principio de transparencia. Para ello, hemos implementado mecanismos que garantizan que puedas ejercer cualquier derecho relacionado con el tratamiento de tus datos personales.<\/p>\n\n\n\n<p>En particular, tienes los siguientes derechos:<\/p>\n\n\n\n<ul class=\"wp-block-list\">\n<li><strong>Acceso<\/strong>: Puedes solicitarnos informaci\u00f3n sobre qu\u00e9 datos personales procesamos y obtener acceso a esos datos.<\/li>\n\n\n\n<li><strong>Rectificaci\u00f3n<\/strong>: Puedes solicitarnos la correcci\u00f3n de datos personales inexactos o la finalizaci\u00f3n de datos incompletos que te conciernan.<\/li>\n\n\n\n<li><strong>Supresi\u00f3n<\/strong>: Puedes solicitarnos la eliminaci\u00f3n de tus datos personales cuando se cumplan ciertas condiciones, como, por ejemplo, que ya no sean necesarios para el prop\u00f3sito para el cual fueron recopilados, o si retiras tu consentimiento.<\/li>\n\n\n\n<li><strong>Limitaci\u00f3n del tratamiento<\/strong>: Puedes solicitar que restrinjamos las actividades de tratamiento relacionadas con tus datos personales cuando se cumplan ciertas condiciones.<\/li>\n\n\n\n<li><strong>Portabilidad de datos<\/strong>: Tienes derecho a recibir tus datos personales, que hemos recopilado bas\u00e1ndonos en tu consentimiento, y transferirlos (o que los transfiramos, cuando sea t\u00e9cnicamente posible) a otro responsable del tratamiento.<\/li>\n\n\n\n<li><strong>Oposici\u00f3n<\/strong>: Puedes oponerte al tratamiento de tus datos personales en determinadas circunstancias.<\/li>\n\n\n\n<li><strong>Retirada del consentimiento<\/strong>: Si nos has otorgado tu consentimiento para procesar tus datos con alg\u00fan prop\u00f3sito espec\u00edfico, tienes derecho a retirarlo en cualquier momento.<\/li>\n<\/ul>\n\n\n\n<p>Si deseas ejercer alguno de estos derechos, env\u00edanos tu solicitud al correo electr\u00f3nico <strong>dataprotection@gcrgroup.es<\/strong>. Proporcionaremos informaci\u00f3n sobre las acciones tomadas en respuesta a tu solicitud sin demoras indebidas y, en cualquier caso, dentro del plazo de un mes desde la recepci\u00f3n de la misma. Este per\u00edodo puede extenderse dos meses adicionales si es necesario, teniendo en cuenta la complejidad y el n\u00famero de solicitudes. Te informaremos de cualquier pr\u00f3rroga dentro del primer mes desde la recepci\u00f3n de tu solicitud, junto con las razones del retraso.<\/p>\n\n\n\n<p><strong>7. Cookies<\/strong><\/p>\n\n\n\n<p>Gran parte de la informaci\u00f3n mencionada en este Aviso de Protecci\u00f3n de Datos se recopila a trav\u00e9s del uso de cookies y t\u00e9cnicas similares. Las cookies son peque\u00f1os archivos de texto que contienen peque\u00f1as cantidades de informaci\u00f3n, los cuales se descargan y pueden almacenarse en tu dispositivo, por ejemplo, tu computadora, tel\u00e9fono inteligente o tableta.<\/p>\n\n\n\n<p>Tambi\u00e9n utilizamos t\u00e9cnicas similares a las cookies, como p\u00edxeles de seguimiento, JavaScript, etiquetas y balizas web. Estas cookies y t\u00e9cnicas similares son, en ocasiones, necesarias para recordar configuraciones de tu cuenta, como idioma y pa\u00eds. Adem\u00e1s, nos permiten medir y analizar tu comportamiento en nuestro Sitio Web y mostrarte anuncios personalizados.<\/p>\n\n\n\n<p>Cuando sea necesario, solicitaremos tu consentimiento para el uso de cookies. Para m\u00e1s informaci\u00f3n sobre las cookies que utilizamos y c\u00f3mo las utilizamos, revisa nuestra Pol\u00edtica de Cookies disponible en <a href=\"https:\/\/gcrplasticsolutions.com\/cookies\/\">https:\/\/gcrplasticsolutions.com\/cookies\/<\/a>.<\/p>\n\n\n\n<p><strong>8. Cambios en este aviso<\/strong><\/p>\n\n\n\n<p>Podemos modificar la informaci\u00f3n contenida en este Aviso de Protecci\u00f3n de Datos cuando lo consideremos necesario o apropiado. Cualquier cambio realizado ser\u00e1 publicado en nuestro Sitio Web y, en la medida de lo posible, te ser\u00e1 comunicado. Te recomendamos que revises este Aviso regularmente para mantenerte informado sobre c\u00f3mo protegemos tus datos personales.<\/p>\n\n\n\n<p><strong>9. Contacto<\/strong><\/p>\n\n\n\n<p>Si tienes alguna consulta relacionada con el tratamiento de tus datos personales, por favor cont\u00e1ctanos a trav\u00e9s del correo electr\u00f3nico <strong>dataprotection@gcrgroup.es<\/strong>.<\/p>\n\n\n\n<p>Finalmente, te informamos que tienes derecho a presentar una reclamaci\u00f3n ante la autoridad reguladora de protecci\u00f3n de datos correspondiente, en particular ante la <strong>Agencia Espa\u00f1ola de Protecci\u00f3n de Datos (AEPD)<\/strong>, cuyo portal web est\u00e1 disponible en <a href=\"https:\/\/www.aepd.es\/\">https:\/\/www.aepd.es\/<\/a>.<\/p>\n\n\n\n<p>Octubre de 2024<\/p>\n","protected":false},"excerpt":{"rendered":"<p>GENERAL GESTORA CATALANA DE RESIDUOS, S.L.U. (en adelante, \u201cGCR\u201d), con domicilio social en calle Mayor 32, 2-1, despacho Uni\u00f3n, 08221 Terrassa, Espa\u00f1a, es responsable del tratamiento de todos los datos personales recopilados a trav\u00e9s del sitio web (en adelante, el \u201cSitio Web\u201d). GCR respeta tu privacidad y se compromete a mantener tus Datos Personales seguros, [&hellip;]<\/p>\n","protected":false},"author":1,"featured_media":0,"parent":0,"menu_order":0,"comment_status":"closed","ping_status":"closed","template":"template-legal-pages.php","meta":{"_acf_changed":false,"footnotes":""},"class_list":["post-3171","page","type-page","status-publish","hentry"],"acf":[],"yoast_head":"<!-- This site is optimized with the Yoast SEO plugin v27.0 - https:\/\/yoast.com\/product\/yoast-seo-wordpress\/ -->\n<title>Declaraci\u00f3n de Privacidad | GCR<\/title>\n<meta name=\"robots\" content=\"index, follow, max-snippet:-1, max-image-preview:large, max-video-preview:-1\" \/>\n<link rel=\"canonical\" href=\"https:\/\/gcrplasticsolutions.com\/es\/declaracion-de-privacidad\/\" \/>\n<meta property=\"og:locale\" content=\"es_ES\" \/>\n<meta property=\"og:type\" content=\"article\" \/>\n<meta property=\"og:title\" content=\"Declaraci\u00f3n de Privacidad | GCR\" \/>\n<meta property=\"og:description\" content=\"GENERAL GESTORA CATALANA DE RESIDUOS, S.L.U. (en adelante, \u201cGCR\u201d), con domicilio social en calle Mayor 32, 2-1, despacho Uni\u00f3n, 08221 Terrassa, Espa\u00f1a, es responsable del tratamiento de todos los datos personales recopilados a trav\u00e9s del sitio web (en adelante, el \u201cSitio Web\u201d). GCR respeta tu privacidad y se compromete a mantener tus Datos Personales seguros, [&hellip;]\" \/>\n<meta property=\"og:url\" content=\"https:\/\/gcrplasticsolutions.com\/es\/declaracion-de-privacidad\/\" \/>\n<meta property=\"og:site_name\" content=\"GCR Sustainable Plastic Solutions\" \/>\n<meta property=\"article:modified_time\" content=\"2024-12-05T16:11:35+00:00\" \/>\n<meta name=\"twitter:card\" content=\"summary_large_image\" \/>\n<meta name=\"twitter:label1\" content=\"Tiempo de lectura\" \/>\n\t<meta name=\"twitter:data1\" content=\"9 minutos\" \/>\n<script type=\"application\/ld+json\" class=\"yoast-schema-graph\">{\"@context\":\"https:\/\/schema.org\",\"@graph\":[{\"@type\":\"WebPage\",\"@id\":\"https:\/\/gcrplasticsolutions.com\/es\/declaracion-de-privacidad\/\",\"url\":\"https:\/\/gcrplasticsolutions.com\/es\/declaracion-de-privacidad\/\",\"name\":\"Declaraci\u00f3n de Privacidad | GCR\",\"isPartOf\":{\"@id\":\"https:\/\/gcrplasticsolutions.com\/es\/#website\"},\"datePublished\":\"2022-09-05T09:57:27+00:00\",\"dateModified\":\"2024-12-05T16:11:35+00:00\",\"breadcrumb\":{\"@id\":\"https:\/\/gcrplasticsolutions.com\/es\/declaracion-de-privacidad\/#breadcrumb\"},\"inLanguage\":\"es\",\"potentialAction\":[{\"@type\":\"ReadAction\",\"target\":[\"https:\/\/gcrplasticsolutions.com\/es\/declaracion-de-privacidad\/\"]}]},{\"@type\":\"BreadcrumbList\",\"@id\":\"https:\/\/gcrplasticsolutions.com\/es\/declaracion-de-privacidad\/#breadcrumb\",\"itemListElement\":[{\"@type\":\"ListItem\",\"position\":1,\"name\":\"Home\",\"item\":\"https:\/\/gcrplasticsolutions.com\/es\/\"},{\"@type\":\"ListItem\",\"position\":2,\"name\":\"Declaraci\u00f3n de Privacidad\"}]},{\"@type\":\"WebSite\",\"@id\":\"https:\/\/gcrplasticsolutions.com\/es\/#website\",\"url\":\"https:\/\/gcrplasticsolutions.com\/es\/\",\"name\":\"GCR Sustainable Plastic Solutions\",\"description\":\"GCR Sustainable Plastic Solutions Website\",\"potentialAction\":[{\"@type\":\"SearchAction\",\"target\":{\"@type\":\"EntryPoint\",\"urlTemplate\":\"https:\/\/gcrplasticsolutions.com\/es\/?s={search_term_string}\"},\"query-input\":{\"@type\":\"PropertyValueSpecification\",\"valueRequired\":true,\"valueName\":\"search_term_string\"}}],\"inLanguage\":\"es\"}]}<\/script>\n<!-- \/ Yoast SEO plugin. -->","yoast_head_json":{"title":"Declaraci\u00f3n de Privacidad | GCR","robots":{"index":"index","follow":"follow","max-snippet":"max-snippet:-1","max-image-preview":"max-image-preview:large","max-video-preview":"max-video-preview:-1"},"canonical":"https:\/\/gcrplasticsolutions.com\/es\/declaracion-de-privacidad\/","og_locale":"es_ES","og_type":"article","og_title":"Declaraci\u00f3n de Privacidad | GCR","og_description":"GENERAL GESTORA CATALANA DE RESIDUOS, S.L.U. (en adelante, \u201cGCR\u201d), con domicilio social en calle Mayor 32, 2-1, despacho Uni\u00f3n, 08221 Terrassa, Espa\u00f1a, es responsable del tratamiento de todos los datos personales recopilados a trav\u00e9s del sitio web (en adelante, el \u201cSitio Web\u201d). GCR respeta tu privacidad y se compromete a mantener tus Datos Personales seguros, [&hellip;]","og_url":"https:\/\/gcrplasticsolutions.com\/es\/declaracion-de-privacidad\/","og_site_name":"GCR Sustainable Plastic Solutions","article_modified_time":"2024-12-05T16:11:35+00:00","twitter_card":"summary_large_image","twitter_misc":{"Tiempo de lectura":"9 minutos"},"schema":{"@context":"https:\/\/schema.org","@graph":[{"@type":"WebPage","@id":"https:\/\/gcrplasticsolutions.com\/es\/declaracion-de-privacidad\/","url":"https:\/\/gcrplasticsolutions.com\/es\/declaracion-de-privacidad\/","name":"Declaraci\u00f3n de Privacidad | GCR","isPartOf":{"@id":"https:\/\/gcrplasticsolutions.com\/es\/#website"},"datePublished":"2022-09-05T09:57:27+00:00","dateModified":"2024-12-05T16:11:35+00:00","breadcrumb":{"@id":"https:\/\/gcrplasticsolutions.com\/es\/declaracion-de-privacidad\/#breadcrumb"},"inLanguage":"es","potentialAction":[{"@type":"ReadAction","target":["https:\/\/gcrplasticsolutions.com\/es\/declaracion-de-privacidad\/"]}]},{"@type":"BreadcrumbList","@id":"https:\/\/gcrplasticsolutions.com\/es\/declaracion-de-privacidad\/#breadcrumb","itemListElement":[{"@type":"ListItem","position":1,"name":"Home","item":"https:\/\/gcrplasticsolutions.com\/es\/"},{"@type":"ListItem","position":2,"name":"Declaraci\u00f3n de Privacidad"}]},{"@type":"WebSite","@id":"https:\/\/gcrplasticsolutions.com\/es\/#website","url":"https:\/\/gcrplasticsolutions.com\/es\/","name":"GCR Sustainable Plastic Solutions","description":"GCR Sustainable Plastic Solutions Website","potentialAction":[{"@type":"SearchAction","target":{"@type":"EntryPoint","urlTemplate":"https:\/\/gcrplasticsolutions.com\/es\/?s={search_term_string}"},"query-input":{"@type":"PropertyValueSpecification","valueRequired":true,"valueName":"search_term_string"}}],"inLanguage":"es"}]}},"_links":{"self":[{"href":"https:\/\/gcrplasticsolutions.com\/es\/wp-json\/wp\/v2\/pages\/3171","targetHints":{"allow":["GET"]}}],"collection":[{"href":"https:\/\/gcrplasticsolutions.com\/es\/wp-json\/wp\/v2\/pages"}],"about":[{"href":"https:\/\/gcrplasticsolutions.com\/es\/wp-json\/wp\/v2\/types\/page"}],"author":[{"embeddable":true,"href":"https:\/\/gcrplasticsolutions.com\/es\/wp-json\/wp\/v2\/users\/1"}],"replies":[{"embeddable":true,"href":"https:\/\/gcrplasticsolutions.com\/es\/wp-json\/wp\/v2\/comments?post=3171"}],"version-history":[{"count":0,"href":"https:\/\/gcrplasticsolutions.com\/es\/wp-json\/wp\/v2\/pages\/3171\/revisions"}],"wp:attachment":[{"href":"https:\/\/gcrplasticsolutions.com\/es\/wp-json\/wp\/v2\/media?parent=3171"}],"curies":[{"name":"wp","href":"https:\/\/api.w.org\/{rel}","templated":true}]}}