{"id":3173,"date":"2023-01-20T09:32:09","date_gmt":"2023-01-20T07:32:09","guid":{"rendered":"https:\/\/gcr-group.local\/politica-de-calidad-y-hse\/"},"modified":"2026-04-20T11:05:41","modified_gmt":"2026-04-20T09:05:41","slug":"politica-de-calidad-y-hse","status":"publish","type":"page","link":"https:\/\/gcrplasticsolutions.com\/es\/politica-de-calidad-y-hse\/","title":{"rendered":"Pol\u00edtica de Calidad y HSE"},"content":{"rendered":"\n<h2 class=\"wp-block-heading has-medium-font-size\">POL\u00cdTICA DE CALIDAD, MEDIO AMBIENTE, SEGURIDAD Y SALUD EN EL TRABAJO<\/h2>\n\n\n\n<p><strong><strong><u>\u00c1mbito de aplicaci\u00f3n<\/u><\/strong><\/strong><\/p>\n\n\n\n<p>El contenido del presente documento es de obligado cumplimiento para todos los empleados de GCR. Esta pol\u00edtica est\u00e1 disponible tanto para los empleados como para cualquier colaborador externo en la web de la empresa (<a href=\"http:\/\/www.gcrplasticsolutions.com\">www.gcrplasticsolutions.com<\/a>).<\/p>\n\n\n\n<p><strong><u>Alcance<\/u><\/strong><\/p>\n\n\n\n<p><strong>GCR basa su actividad en el dise\u00f1o, desarrollo, producci\u00f3n y comercializaci\u00f3n de pol\u00edmeros reciclados, compuestos y masterbatches minerales basados en pol\u00edmeros v\u00edrgenes y\/o reciclados.<\/strong><\/p>\n\n\n\n<p>La calidad, la innovaci\u00f3n y la sostenibilidad de nuestro producto y servicios son para GCR los fundamentos que nos animan constantemente a actuar en la b\u00fasqueda de la <strong>excelencia como valor diferencial<\/strong> para nuestra organizaci\u00f3n.<\/p>\n\n\n\n<p>GCR invierte continuamente en equipos de vanguardia tecnol\u00f3gica para obtener procesos eficaces y eficientes que nos proporcionen productos de m\u00e1xima calidad. Para ello, es fundamental la <strong>cooperaci\u00f3n y confianza con nuestros proveedores y clientes<\/strong>.<\/p>\n\n\n\n<p>La calidad y el cumplimiento de los compromisos alcanzados son nuestra propuesta de valor para conseguir la satisfacci\u00f3n de nuestros clientes. La pol\u00edtica de GCR se aplica rigurosamente en todas las fases de desarrollo, producci\u00f3n y comercializaci\u00f3n de los productos para satisfacer las necesidades t\u00e9cnicas y operativas de nuestros clientes y otras partes interesadas de nuestra cadena de valor. La <strong>calidad<\/strong>, la <strong>prevenci\u00f3n<\/strong> y la <strong>mejora continua<\/strong> son objetivos de todos los empleados en las acciones que se realizan diariamente.<\/p>\n\n\n\n<p>Desde GCR nos comprometemos a <strong>proteger y respetar el medio ambiente<\/strong>, para ello optimizamos el consumo de recursos, principalmente no renovables, tanto los materiales, como el agua y la energ\u00eda, para reducir la degradaci\u00f3n del medio ambiente (incluida la biodiversidad y los ecosistemas), mitigar nuestra huella de carbono y las emisiones atmosf\u00e9ricas. Asimismo, daremos prioridad al consumo de aquellos productos y servicios que tengan un menor impacto medioambiental. Trabajamos para potenciar la correcta clasificaci\u00f3n, reducci\u00f3n y gesti\u00f3n de nuestros residuos, promoviendo un enfoque de circularidad activa.<\/p>\n\n\n\n<p>Orientamos nuestra ilusi\u00f3n y esfuerzo en <strong>desarrollar productos medioambientalmente eficientes que respondan a las expectativas y necesidades del mercado y de la sociedad<\/strong>. No solo nos comprometemos a cumplir con todos los requisitos legales aplicables relacionados con nuestros productos y nuestras actividades, sino que operamos bajos los est\u00e1ndares m\u00e1s exigentes tanto de eficiencia como de gesti\u00f3n de impacto ambiental, como muestra de nuestro compromiso nuestras actividades est\u00e1n auditadas mediante la certificaci\u00f3n OCS Europe (Operation Clean Sweep) para reducir el impacto ambiental de nuestros productos durante su proceso industrial.&nbsp;<\/p>\n\n\n\n<p>La <strong>salud y el bienestar de nuestros empleados y colaboradores<\/strong> es nuestra prioridad, por ello nos comprometemos a promover un entorno de trabajo seguro, saludable y libre de peligros para nuestros empleados y colaboradores. GCR considera prioritario lograr que en todas sus actividades se adopten las medidas necesarias para evitar los riesgos en su origen y, en aquellos riesgos que se consideren ineludibles, se implanten las medidas necesarias para evitar los da\u00f1os y el deterioro de la salud de las personas. Trabajamos de forma continua en el <strong>fomento de la cultura preventiva<\/strong>, promoviendo el cumplimiento de buenas pr\u00e1cticas y facilitando formaci\u00f3n en materia de seguridad y salud. Paralelamente, es de nuestro inter\u00e9s garantizar la protecci\u00f3n de los materiales, instalaciones propias y los bienes del cliente presentes en nuestras instalaciones, as\u00ed como del entorno circundante.<\/p>\n\n\n\n<p>El objetivo de la pol\u00edtica del sistema de gesti\u00f3n integrado es consolidar esta realidad y para ello define como prioritarios los siguientes puntos:<\/p>\n\n\n\n<ol class=\"wp-block-list\">\n<li>Planificar, transversalizar y sincronizar los recursos necesarios para consolidarnos como empresa de referencia mundial en el sector.<\/li>\n\n\n\n<li><strong>Desarrollar nuevos productos m\u00e1s sostenibles<\/strong> y con mejores cualidades para mantener el liderazgo en la innovaci\u00f3n en la cadena de valor de aplicaci\u00f3n de nuestros materiales.<\/li>\n\n\n\n<li>Continuar desarrollando el mercado de productos pl\u00e1sticos reciclados de alto valor a\u00f1adido, con el objetivo de aumentar nuestro servicio de recuperaci\u00f3n de Poliolefinas.<\/li>\n\n\n\n<li>Invertir en el Centro de Innovaci\u00f3n en nueva tecnolog\u00eda para el desarrollo de nuevos productos, procesos y servicios.<\/li>\n\n\n\n<li><strong>Fomentar las relaciones con proveedores y clientes<\/strong> para entender y cumplir con sus expectativas y requisitos creando colaboraciones, as\u00ed como una relaci\u00f3n de confianza.<\/li>\n\n\n\n<li><strong>Analizar los procesos y el sistema de gesti\u00f3n de manera continuada<\/strong> monitorizando regularmente los <strong>objetivos<\/strong>, <strong>metas<\/strong> e <strong>indicadores definidos<\/strong> y aplicando conceptos y herramientas basadas en la mejora continua, con el fin \u00faltimo de <strong>asegurar la calidad de nuestros productos.<\/strong><\/li>\n\n\n\n<li>Continuar siendo ecol\u00f3gicamente proactivos con productos 100% reciclables y compatibles con agentes degradables, reduciendo el impacto de los aspectos ambientales asociados a nuestros procesos productivos.<\/li>\n\n\n\n<li><strong>Concienciar a los clientes de los beneficios sociales y ambientales de nuestros productos<\/strong> para su consumo, como el ahorro energ\u00e9tico y la reducci\u00f3n de emisiones CO\u2082.<\/li>\n\n\n\n<li>Desarrollar nuestra actividad con la m\u00e1xima protecci\u00f3n hacia la vida e integridad de las personas, <strong>garantizar la salud y el bienestar de nuestros empleados<\/strong>, as\u00ed como, de las comunidades donde desarrollamos nuestra actividad.<\/li>\n\n\n\n<li><strong>Combatir el cambio clim\u00e1tico <\/strong>mediante la prevenci\u00f3n y reducci\u00f3n de las emisiones de gases de efecto invernadero en nuestras operaciones, productos y servicios.<\/li>\n\n\n\n<li><strong>Establecer y velar por los compromisos espec\u00edficos en los aspectos ambientales significativos identificados<\/strong> de consumo de recursos materiales, energ\u00e9ticos e h\u00eddricos, as\u00ed como en la reducci\u00f3n en la generaci\u00f3n de residuos a trav\u00e9s del ecodise\u00f1o, la reducci\u00f3n y reutilizaci\u00f3n de los recursos materiales utilizados.<\/li>\n<\/ol>\n\n\n\n<p><strong>Aprobaci\u00f3n, implementaci\u00f3n y seguimiento<\/strong><\/p>\n\n\n\n<p>La presente pol\u00edtica ha sido aprobada por la Direcci\u00f3n General de GCR, siendo efectiva desde el d\u00eda de su aprobaci\u00f3n y su publicaci\u00f3n en la plataforma interna de gesti\u00f3n de documentos de GCR, y tras su efectiva comunicaci\u00f3n al personal a trav\u00e9s de la plataforma de comunicaci\u00f3n interna bajo la plataforma de gesti\u00f3n de recursos humanos y comunicaci\u00f3n corporativa, as\u00ed como en la web oficial de la empresa. Esta pol\u00edtica se revisa de forma anual y se actualiza en el caso de que haya modificaciones. Toda nueva incorporaci\u00f3n recibe una formaci\u00f3n inicial (onboarding) sobre el sistema de gesti\u00f3n integrado que incluye esta pol\u00edtica.<\/p>\n\n\n\n<p>La alta direcci\u00f3n se responsabiliza y se compromete a que el sistema de gesti\u00f3n integrado est\u00e9 dotado de los recursos financieros, humanos, t\u00e9cnicos y organizacionales necesarios para para garantizar la implantaci\u00f3n, el correcto funcionamiento y la mejora continua del Sistema de Gesti\u00f3n de Calidad, del Sistema de Gesti\u00f3n Medio Ambiental y de la Seguridad y Salud en el Trabajo.<\/p>\n\n\n\n<p>La responsabilidad de la aplicaci\u00f3n de la pol\u00edtica de calidad, medio ambiente, seguridad y salud en el trabajo recae en la alta direcci\u00f3n, delegando la coordinaci\u00f3n y ejecuci\u00f3n de las acciones necesarias en las \u00e1reas de sistemas de calidad, de gesti\u00f3n medioambiental y de seguridad y prevenci\u00f3n de riesgos.<\/p>\n\n\n\n<p><strong>Certificados y documentaci\u00f3n de referencia<\/strong><\/p>\n\n\n\n<p>Certificados obtenidos ISO 9001, ISO 14001, ISO 14067, GHG Protocol, ISCC PLUS, Esquema de certificaci\u00f3n OCS Europe<\/p>\n\n\n\n<p>Documentos de referencia ISO 45001, ISO14046, ISO 14064, IATF16949<\/p>\n\n\n\n<p><strong>Comit\u00e9 Ejecutivo<\/strong><\/p>\n\n\n\n<p>Rev. 05 | Fecha emisi\u00f3n: 30.03.2026<\/p>\n\n\n\n<p><\/p>\n","protected":false},"excerpt":{"rendered":"<p>POL\u00cdTICA DE CALIDAD, MEDIO AMBIENTE, SEGURIDAD Y SALUD EN EL TRABAJO \u00c1mbito de aplicaci\u00f3n El contenido del presente documento es de obligado cumplimiento para todos los empleados de GCR. Esta pol\u00edtica est\u00e1 disponible tanto para los empleados como para cualquier colaborador externo en la web de la empresa (www.gcrplasticsolutions.com). Alcance GCR basa su actividad en [&hellip;]<\/p>\n","protected":false},"author":9,"featured_media":0,"parent":0,"menu_order":0,"comment_status":"closed","ping_status":"closed","template":"template-legal-pages.php","meta":{"_acf_changed":false,"footnotes":""},"class_list":["post-3173","page","type-page","status-publish","hentry"],"acf":[],"yoast_head":"<!-- This site is optimized with the Yoast SEO plugin v27.5 - https:\/\/yoast.com\/product\/yoast-seo-wordpress\/ -->\n<title>Pol\u00edtica de Calidad y HSE - GCR Sustainable Plastic Solutions<\/title>\n<meta name=\"robots\" content=\"index, follow, max-snippet:-1, max-image-preview:large, max-video-preview:-1\" \/>\n<link rel=\"canonical\" href=\"https:\/\/gcrplasticsolutions.com\/es\/politica-de-calidad-y-hse\/\" \/>\n<meta property=\"og:locale\" content=\"es_ES\" \/>\n<meta property=\"og:type\" content=\"article\" \/>\n<meta property=\"og:title\" content=\"Pol\u00edtica de Calidad y HSE - GCR Sustainable Plastic Solutions\" \/>\n<meta property=\"og:description\" content=\"POL\u00cdTICA DE CALIDAD, MEDIO AMBIENTE, SEGURIDAD Y SALUD EN EL TRABAJO \u00c1mbito de aplicaci\u00f3n El contenido del presente documento es de obligado cumplimiento para todos los empleados de GCR. Esta pol\u00edtica est\u00e1 disponible tanto para los empleados como para cualquier colaborador externo en la web de la empresa (www.gcrplasticsolutions.com). Alcance GCR basa su actividad en [&hellip;]\" \/>\n<meta property=\"og:url\" content=\"https:\/\/gcrplasticsolutions.com\/es\/politica-de-calidad-y-hse\/\" \/>\n<meta property=\"og:site_name\" content=\"GCR Sustainable Plastic Solutions\" \/>\n<meta property=\"article:modified_time\" content=\"2026-04-20T09:05:41+00:00\" \/>\n<meta name=\"twitter:card\" content=\"summary_large_image\" \/>\n<meta name=\"twitter:label1\" content=\"Tiempo de lectura\" \/>\n\t<meta name=\"twitter:data1\" content=\"5 minutos\" \/>\n<script type=\"application\/ld+json\" class=\"yoast-schema-graph\">{\"@context\":\"https:\\\/\\\/schema.org\",\"@graph\":[{\"@type\":\"WebPage\",\"@id\":\"https:\\\/\\\/gcrplasticsolutions.com\\\/es\\\/politica-de-calidad-y-hse\\\/\",\"url\":\"https:\\\/\\\/gcrplasticsolutions.com\\\/es\\\/politica-de-calidad-y-hse\\\/\",\"name\":\"Pol\u00edtica de Calidad y HSE - GCR Sustainable Plastic Solutions\",\"isPartOf\":{\"@id\":\"https:\\\/\\\/gcrplasticsolutions.com\\\/es\\\/#website\"},\"datePublished\":\"2023-01-20T07:32:09+00:00\",\"dateModified\":\"2026-04-20T09:05:41+00:00\",\"breadcrumb\":{\"@id\":\"https:\\\/\\\/gcrplasticsolutions.com\\\/es\\\/politica-de-calidad-y-hse\\\/#breadcrumb\"},\"inLanguage\":\"es\",\"potentialAction\":[{\"@type\":\"ReadAction\",\"target\":[\"https:\\\/\\\/gcrplasticsolutions.com\\\/es\\\/politica-de-calidad-y-hse\\\/\"]}]},{\"@type\":\"BreadcrumbList\",\"@id\":\"https:\\\/\\\/gcrplasticsolutions.com\\\/es\\\/politica-de-calidad-y-hse\\\/#breadcrumb\",\"itemListElement\":[{\"@type\":\"ListItem\",\"position\":1,\"name\":\"Home\",\"item\":\"https:\\\/\\\/gcrplasticsolutions.com\\\/es\\\/\"},{\"@type\":\"ListItem\",\"position\":2,\"name\":\"Pol\u00edtica de Calidad y HSE\"}]},{\"@type\":\"WebSite\",\"@id\":\"https:\\\/\\\/gcrplasticsolutions.com\\\/es\\\/#website\",\"url\":\"https:\\\/\\\/gcrplasticsolutions.com\\\/es\\\/\",\"name\":\"GCR Sustainable Plastic Solutions\",\"description\":\"GCR Sustainable Plastic Solutions Website\",\"potentialAction\":[{\"@type\":\"SearchAction\",\"target\":{\"@type\":\"EntryPoint\",\"urlTemplate\":\"https:\\\/\\\/gcrplasticsolutions.com\\\/es\\\/?s={search_term_string}\"},\"query-input\":{\"@type\":\"PropertyValueSpecification\",\"valueRequired\":true,\"valueName\":\"search_term_string\"}}],\"inLanguage\":\"es\"}]}<\/script>\n<!-- \/ Yoast SEO plugin. -->","yoast_head_json":{"title":"Pol\u00edtica de Calidad y HSE - GCR Sustainable Plastic Solutions","robots":{"index":"index","follow":"follow","max-snippet":"max-snippet:-1","max-image-preview":"max-image-preview:large","max-video-preview":"max-video-preview:-1"},"canonical":"https:\/\/gcrplasticsolutions.com\/es\/politica-de-calidad-y-hse\/","og_locale":"es_ES","og_type":"article","og_title":"Pol\u00edtica de Calidad y HSE - GCR Sustainable Plastic Solutions","og_description":"POL\u00cdTICA DE CALIDAD, MEDIO AMBIENTE, SEGURIDAD Y SALUD EN EL TRABAJO \u00c1mbito de aplicaci\u00f3n El contenido del presente documento es de obligado cumplimiento para todos los empleados de GCR. Esta pol\u00edtica est\u00e1 disponible tanto para los empleados como para cualquier colaborador externo en la web de la empresa (www.gcrplasticsolutions.com). Alcance GCR basa su actividad en [&hellip;]","og_url":"https:\/\/gcrplasticsolutions.com\/es\/politica-de-calidad-y-hse\/","og_site_name":"GCR Sustainable Plastic Solutions","article_modified_time":"2026-04-20T09:05:41+00:00","twitter_card":"summary_large_image","twitter_misc":{"Tiempo de lectura":"5 minutos"},"schema":{"@context":"https:\/\/schema.org","@graph":[{"@type":"WebPage","@id":"https:\/\/gcrplasticsolutions.com\/es\/politica-de-calidad-y-hse\/","url":"https:\/\/gcrplasticsolutions.com\/es\/politica-de-calidad-y-hse\/","name":"Pol\u00edtica de Calidad y HSE - GCR Sustainable Plastic Solutions","isPartOf":{"@id":"https:\/\/gcrplasticsolutions.com\/es\/#website"},"datePublished":"2023-01-20T07:32:09+00:00","dateModified":"2026-04-20T09:05:41+00:00","breadcrumb":{"@id":"https:\/\/gcrplasticsolutions.com\/es\/politica-de-calidad-y-hse\/#breadcrumb"},"inLanguage":"es","potentialAction":[{"@type":"ReadAction","target":["https:\/\/gcrplasticsolutions.com\/es\/politica-de-calidad-y-hse\/"]}]},{"@type":"BreadcrumbList","@id":"https:\/\/gcrplasticsolutions.com\/es\/politica-de-calidad-y-hse\/#breadcrumb","itemListElement":[{"@type":"ListItem","position":1,"name":"Home","item":"https:\/\/gcrplasticsolutions.com\/es\/"},{"@type":"ListItem","position":2,"name":"Pol\u00edtica de Calidad y HSE"}]},{"@type":"WebSite","@id":"https:\/\/gcrplasticsolutions.com\/es\/#website","url":"https:\/\/gcrplasticsolutions.com\/es\/","name":"GCR Sustainable Plastic Solutions","description":"GCR Sustainable Plastic Solutions Website","potentialAction":[{"@type":"SearchAction","target":{"@type":"EntryPoint","urlTemplate":"https:\/\/gcrplasticsolutions.com\/es\/?s={search_term_string}"},"query-input":{"@type":"PropertyValueSpecification","valueRequired":true,"valueName":"search_term_string"}}],"inLanguage":"es"}]}},"_links":{"self":[{"href":"https:\/\/gcrplasticsolutions.com\/es\/wp-json\/wp\/v2\/pages\/3173","targetHints":{"allow":["GET"]}}],"collection":[{"href":"https:\/\/gcrplasticsolutions.com\/es\/wp-json\/wp\/v2\/pages"}],"about":[{"href":"https:\/\/gcrplasticsolutions.com\/es\/wp-json\/wp\/v2\/types\/page"}],"author":[{"embeddable":true,"href":"https:\/\/gcrplasticsolutions.com\/es\/wp-json\/wp\/v2\/users\/9"}],"replies":[{"embeddable":true,"href":"https:\/\/gcrplasticsolutions.com\/es\/wp-json\/wp\/v2\/comments?post=3173"}],"version-history":[{"count":0,"href":"https:\/\/gcrplasticsolutions.com\/es\/wp-json\/wp\/v2\/pages\/3173\/revisions"}],"wp:attachment":[{"href":"https:\/\/gcrplasticsolutions.com\/es\/wp-json\/wp\/v2\/media?parent=3173"}],"curies":[{"name":"wp","href":"https:\/\/api.w.org\/{rel}","templated":true}]}}