{"id":3177,"date":"2022-09-26T11:23:53","date_gmt":"2022-09-26T11:23:53","guid":{"rendered":"https:\/\/gcr-group.local\/cookies\/"},"modified":"2024-12-05T15:07:26","modified_gmt":"2024-12-05T15:07:26","slug":"cookies","status":"publish","type":"page","link":"https:\/\/gcrplasticsolutions.com\/es\/cookies\/","title":{"rendered":"Pol\u00edtica de Cookies"},"content":{"rendered":"\n<p>GESTORA CATALANA DE RESIDUOS, S.L.U. (en adelante, \u201cGCR\u201d), con domicilio social en calle Mayor 32, 2-1, despacho Uni\u00f3n, 08221 Terrassa, Espa\u00f1a, es la responsable del tratamiento de todos los datos personales recopilados a trav\u00e9s del sitio web (en adelante, el \u201cSitio Web\u201d). El Sitio Web utiliza cookies para ofrecerte una mejor experiencia en l\u00ednea y garantizar la seguridad de la navegaci\u00f3n. En esta Pol\u00edtica de Cookies encontrar\u00e1s informaci\u00f3n sobre c\u00f3mo utilizamos las cookies y tecnolog\u00edas similares instaladas en los dispositivos de nuestros clientes y usuarios. El uso de cookies puede estar relacionado en ocasiones con el tratamiento de datos personales, por lo que te recomendamos consultar nuestro Aviso de Protecci\u00f3n de Datos en https:\/\/gcrplasticsolutions.com\/privacy-policy\/ si deseas obtener m\u00e1s informaci\u00f3n sobre c\u00f3mo tratamos los datos personales de nuestros usuarios o c\u00f3mo ejercer tus derechos.<\/p>\n\n\n\n<p><strong>\u00bfQu\u00e9 es una cookie?<\/strong><\/p>\n\n\n\n<p>\u00a0Una cookie es un peque\u00f1o archivo de texto que se almacena en tu ordenador o dispositivo m\u00f3vil y contiene informaci\u00f3n sobre tu navegaci\u00f3n y uso, como una etiqueta que identifica tu dispositivo. Las cookies son necesarias, por ejemplo, para facilitar la navegaci\u00f3n y comprender c\u00f3mo interact\u00faan los usuarios con las plataformas para poder mejorarlas. Tambi\u00e9n son \u00fatiles para ofrecer publicidad acorde a las preferencias del usuario. Las cookies no ocupan mucho espacio y no da\u00f1an tu ordenador o dispositivo m\u00f3vil. Cuando hablamos de \u201cCookies\u201d, tambi\u00e9n nos referimos a otras tecnolog\u00edas similares utilizadas para instalar y\/o recopilar informaci\u00f3n en o desde tu dispositivo, como cookies flash, balizas web o bugs, p\u00edxeles, almacenamiento local HTML5 y tecnolog\u00edas SDK para aplicaciones. Estas tecnolog\u00edas, en ocasiones, funcionan junto con las cookies para recopilar y almacenar informaci\u00f3n, ya sea para proporcionarte ciertas funcionalidades o servicios en nuestro Sitio Web, o para mostrar publicidad de terceros seg\u00fan tu navegaci\u00f3n. Esta explicaci\u00f3n es una visi\u00f3n general del significado de las cookies y se proporciona \u00fanicamente con fines informativos. A continuaci\u00f3n, se detallan las cookies espec\u00edficas que utilizamos.<\/p>\n\n\n\n<p><strong>Cookies utilizadas en este Sitio Web<\/strong> <\/p>\n\n\n\n<p>El Sitio Web utiliza varios tipos de cookies. Algunas son cookies de sesi\u00f3n, que son temporales y nos permiten vincular tus acciones durante una sesi\u00f3n de navegaci\u00f3n. Estas cookies se eliminan al cerrar el navegador. Otras son cookies persistentes, que permanecen en tu dispositivo durante el tiempo especificado en la cookie. <\/p>\n\n\n\n<p>El Sitio Web utiliza cookies con los siguientes fines: <\/p>\n\n\n\n<p>a. Cookies necesarias (t\u00e9cnicas): Permiten al usuario navegar por un sitio web, plataforma o aplicaci\u00f3n y utilizar las diferentes opciones o servicios que en ella se ofrecen. Por ejemplo, controlar el tr\u00e1fico, identificar datos o la sesi\u00f3n, acceder a secciones de acceso restringido, entre otros. Al ser estrictamente necesarias, estas cookies se descargan por defecto cuando son indispensables para mostrar el Sitio Web o proporcionar el servicio solicitado por el usuario. <\/p>\n\n\n\n<p>b. Cookies de funcionalidad: Son necesarias para recordar informaci\u00f3n que permita al usuario acceder al servicio o plataforma con caracter\u00edsticas espec\u00edficas que diferencien su experiencia de la de otros usuarios. Por ejemplo, el idioma, la apariencia o el contenido del servicio basado en el tipo de navegador utilizado, o la regi\u00f3n desde la que se accede al servicio. No aceptar estas cookies puede generar un rendimiento lento del Sitio Web o recomendaciones mal adaptadas. <\/p>\n\n\n\n<p>c. Cookies de rendimiento: Se utilizan para recopilar datos sobre el rendimiento del sitio. No recopilan informaci\u00f3n personal identificable y se emplean \u00fanicamente para mejorar el rendimiento del Sitio Web. <\/p>\n\n\n\n<p>d. Cookies anal\u00edticas: Ayudan a entender el comportamiento de los visitantes y el uso del Sitio Web de forma agregada. Por ejemplo, permiten obtener informaci\u00f3n sobre c\u00f3mo los visitantes utilizan nuestro Sitio Web, identificar \u00e1reas de mejora, y medir la eficacia de nuestra publicidad y comunicaci\u00f3n. <\/p>\n\n\n\n<p>e. Cookies de publicidad: Almacenan informaci\u00f3n sobre el comportamiento del usuario obtenida a trav\u00e9s de la observaci\u00f3n continua de sus h\u00e1bitos de navegaci\u00f3n, lo que permite desarrollar un perfil espec\u00edfico para mostrar publicidad adaptada a dichos h\u00e1bitos. Estas cookies optimizan la gesti\u00f3n de los espacios publicitarios que el editor ha incluido, ya sea directamente o en colaboraci\u00f3n con terceros.<\/p>\n\n\n\n<p>f. Otras cookies: Actualmente est\u00e1n en an\u00e1lisis y no se han asignado a una categor\u00eda espec\u00edfica. Se utilizan para comprender mejor la experiencia de navegaci\u00f3n del usuario e incluyen funcionalidades adicionales que a\u00fan est\u00e1n siendo evaluadas. <\/p>\n\n\n\n<p><strong>Gesti\u00f3n de la configuraci\u00f3n de cookies <\/strong><\/p>\n\n\n\n<p>Puedes establecer tus preferencias sobre las cookies que se utilizan en nuestro Sitio Web. En particular, al acceder a la p\u00e1gina web, aparecer\u00e1 una ventana que te permitir\u00e1 elegir el tipo de cookies que deseas que utilicemos. Puedes cambiar tus preferencias en cualquier momento, incluyendo retirar completamente el consentimiento que hayas otorgado previamente, excepto para las cookies necesarias, que siempre deben estar habilitadas. En la secci\u00f3n \u00abConfiguraci\u00f3n de Cookies\/Establecer Preferencias\u00bb tambi\u00e9n encontrar\u00e1s una lista de todas las cookies dentro de las categor\u00edas \u00abanal\u00edticas\u00bb y \u00abpublicitarias\u00bb. Adem\u00e1s de utilizar la secci\u00f3n de Configuraci\u00f3n de Cookies en nuestro Sitio Web, puedes gestionar tus ajustes de cookies en la configuraci\u00f3n de tu navegador en cualquier momento. Ten en cuenta que la configuraci\u00f3n del navegador puede no ofrecerte la misma facilidad de uso que la secci\u00f3n de Configuraci\u00f3n de Cookies de nuestro Sitio Web. Si deshabilitas todas las cookies desde la configuraci\u00f3n de tu navegador, es posible que ciertas secciones o funciones de nuestro Sitio Web no funcionen correctamente, ya que tu navegador puede impedirnos establecer cookies necesarias para el funcionamiento. <\/p>\n\n\n\n<p><strong>Actualizaciones de la pol\u00edtica <\/strong><\/p>\n\n\n\n<p>Revisaremos esta Pol\u00edtica de Cookies peri\u00f3dicamente y realizaremos actualizaciones de vez en cuando. Cualquier cambio en esta Pol\u00edtica de Cookies ser\u00e1 publicado en nuestra p\u00e1gina web y, en la medida de lo posible, te ser\u00e1 comunicado. Puedes consultar esta p\u00e1gina para acceder a la versi\u00f3n m\u00e1s reciente. Si tienes preguntas y\/o comentarios adicionales, por favor cont\u00e1ctanos a trav\u00e9s del correo electr\u00f3nico dataprotection@gcrgroup.es. <\/p>\n\n\n\n<p>Octubre de 2024<\/p>\n","protected":false},"excerpt":{"rendered":"<p>GESTORA CATALANA DE RESIDUOS, S.L.U. (en adelante, \u201cGCR\u201d), con domicilio social en calle Mayor 32, 2-1, despacho Uni\u00f3n, 08221 Terrassa, Espa\u00f1a, es la responsable del tratamiento de todos los datos personales recopilados a trav\u00e9s del sitio web (en adelante, el \u201cSitio Web\u201d). El Sitio Web utiliza cookies para ofrecerte una mejor experiencia en l\u00ednea y [&hellip;]<\/p>\n","protected":false},"author":9,"featured_media":0,"parent":0,"menu_order":0,"comment_status":"closed","ping_status":"closed","template":"template-legal-pages.php","meta":{"_acf_changed":false,"footnotes":""},"class_list":["post-3177","page","type-page","status-publish","hentry"],"acf":[],"yoast_head":"<!-- This site is optimized with the Yoast SEO plugin v27.3 - https:\/\/yoast.com\/product\/yoast-seo-wordpress\/ -->\n<title>Pol\u00edtica de Cookies - GCR Sustainable Plastic Solutions<\/title>\n<meta name=\"robots\" content=\"index, follow, max-snippet:-1, max-image-preview:large, max-video-preview:-1\" \/>\n<link rel=\"canonical\" href=\"https:\/\/gcrplasticsolutions.com\/es\/cookies\/\" \/>\n<meta property=\"og:locale\" content=\"es_ES\" \/>\n<meta property=\"og:type\" content=\"article\" \/>\n<meta property=\"og:title\" content=\"Pol\u00edtica de Cookies - GCR Sustainable Plastic Solutions\" \/>\n<meta property=\"og:description\" content=\"GESTORA CATALANA DE RESIDUOS, S.L.U. (en adelante, \u201cGCR\u201d), con domicilio social en calle Mayor 32, 2-1, despacho Uni\u00f3n, 08221 Terrassa, Espa\u00f1a, es la responsable del tratamiento de todos los datos personales recopilados a trav\u00e9s del sitio web (en adelante, el \u201cSitio Web\u201d). El Sitio Web utiliza cookies para ofrecerte una mejor experiencia en l\u00ednea y [&hellip;]\" \/>\n<meta property=\"og:url\" content=\"https:\/\/gcrplasticsolutions.com\/es\/cookies\/\" \/>\n<meta property=\"og:site_name\" content=\"GCR Sustainable Plastic Solutions\" \/>\n<meta property=\"article:modified_time\" content=\"2024-12-05T15:07:26+00:00\" \/>\n<meta name=\"twitter:card\" content=\"summary_large_image\" \/>\n<meta name=\"twitter:label1\" content=\"Tiempo de lectura\" \/>\n\t<meta name=\"twitter:data1\" content=\"5 minutos\" \/>\n<script type=\"application\/ld+json\" class=\"yoast-schema-graph\">{\"@context\":\"https:\\\/\\\/schema.org\",\"@graph\":[{\"@type\":\"WebPage\",\"@id\":\"https:\\\/\\\/gcrplasticsolutions.com\\\/es\\\/cookies\\\/\",\"url\":\"https:\\\/\\\/gcrplasticsolutions.com\\\/es\\\/cookies\\\/\",\"name\":\"Pol\u00edtica de Cookies - GCR Sustainable Plastic Solutions\",\"isPartOf\":{\"@id\":\"https:\\\/\\\/gcrplasticsolutions.com\\\/es\\\/#website\"},\"datePublished\":\"2022-09-26T11:23:53+00:00\",\"dateModified\":\"2024-12-05T15:07:26+00:00\",\"breadcrumb\":{\"@id\":\"https:\\\/\\\/gcrplasticsolutions.com\\\/es\\\/cookies\\\/#breadcrumb\"},\"inLanguage\":\"es\",\"potentialAction\":[{\"@type\":\"ReadAction\",\"target\":[\"https:\\\/\\\/gcrplasticsolutions.com\\\/es\\\/cookies\\\/\"]}]},{\"@type\":\"BreadcrumbList\",\"@id\":\"https:\\\/\\\/gcrplasticsolutions.com\\\/es\\\/cookies\\\/#breadcrumb\",\"itemListElement\":[{\"@type\":\"ListItem\",\"position\":1,\"name\":\"Home\",\"item\":\"https:\\\/\\\/gcrplasticsolutions.com\\\/es\\\/\"},{\"@type\":\"ListItem\",\"position\":2,\"name\":\"Pol\u00edtica de Cookies\"}]},{\"@type\":\"WebSite\",\"@id\":\"https:\\\/\\\/gcrplasticsolutions.com\\\/es\\\/#website\",\"url\":\"https:\\\/\\\/gcrplasticsolutions.com\\\/es\\\/\",\"name\":\"GCR Sustainable Plastic Solutions\",\"description\":\"GCR Sustainable Plastic Solutions Website\",\"potentialAction\":[{\"@type\":\"SearchAction\",\"target\":{\"@type\":\"EntryPoint\",\"urlTemplate\":\"https:\\\/\\\/gcrplasticsolutions.com\\\/es\\\/?s={search_term_string}\"},\"query-input\":{\"@type\":\"PropertyValueSpecification\",\"valueRequired\":true,\"valueName\":\"search_term_string\"}}],\"inLanguage\":\"es\"}]}<\/script>\n<!-- \/ Yoast SEO plugin. -->","yoast_head_json":{"title":"Pol\u00edtica de Cookies - GCR Sustainable Plastic Solutions","robots":{"index":"index","follow":"follow","max-snippet":"max-snippet:-1","max-image-preview":"max-image-preview:large","max-video-preview":"max-video-preview:-1"},"canonical":"https:\/\/gcrplasticsolutions.com\/es\/cookies\/","og_locale":"es_ES","og_type":"article","og_title":"Pol\u00edtica de Cookies - GCR Sustainable Plastic Solutions","og_description":"GESTORA CATALANA DE RESIDUOS, S.L.U. (en adelante, \u201cGCR\u201d), con domicilio social en calle Mayor 32, 2-1, despacho Uni\u00f3n, 08221 Terrassa, Espa\u00f1a, es la responsable del tratamiento de todos los datos personales recopilados a trav\u00e9s del sitio web (en adelante, el \u201cSitio Web\u201d). El Sitio Web utiliza cookies para ofrecerte una mejor experiencia en l\u00ednea y [&hellip;]","og_url":"https:\/\/gcrplasticsolutions.com\/es\/cookies\/","og_site_name":"GCR Sustainable Plastic Solutions","article_modified_time":"2024-12-05T15:07:26+00:00","twitter_card":"summary_large_image","twitter_misc":{"Tiempo de lectura":"5 minutos"},"schema":{"@context":"https:\/\/schema.org","@graph":[{"@type":"WebPage","@id":"https:\/\/gcrplasticsolutions.com\/es\/cookies\/","url":"https:\/\/gcrplasticsolutions.com\/es\/cookies\/","name":"Pol\u00edtica de Cookies - GCR Sustainable Plastic Solutions","isPartOf":{"@id":"https:\/\/gcrplasticsolutions.com\/es\/#website"},"datePublished":"2022-09-26T11:23:53+00:00","dateModified":"2024-12-05T15:07:26+00:00","breadcrumb":{"@id":"https:\/\/gcrplasticsolutions.com\/es\/cookies\/#breadcrumb"},"inLanguage":"es","potentialAction":[{"@type":"ReadAction","target":["https:\/\/gcrplasticsolutions.com\/es\/cookies\/"]}]},{"@type":"BreadcrumbList","@id":"https:\/\/gcrplasticsolutions.com\/es\/cookies\/#breadcrumb","itemListElement":[{"@type":"ListItem","position":1,"name":"Home","item":"https:\/\/gcrplasticsolutions.com\/es\/"},{"@type":"ListItem","position":2,"name":"Pol\u00edtica de Cookies"}]},{"@type":"WebSite","@id":"https:\/\/gcrplasticsolutions.com\/es\/#website","url":"https:\/\/gcrplasticsolutions.com\/es\/","name":"GCR Sustainable Plastic Solutions","description":"GCR Sustainable Plastic Solutions Website","potentialAction":[{"@type":"SearchAction","target":{"@type":"EntryPoint","urlTemplate":"https:\/\/gcrplasticsolutions.com\/es\/?s={search_term_string}"},"query-input":{"@type":"PropertyValueSpecification","valueRequired":true,"valueName":"search_term_string"}}],"inLanguage":"es"}]}},"_links":{"self":[{"href":"https:\/\/gcrplasticsolutions.com\/es\/wp-json\/wp\/v2\/pages\/3177","targetHints":{"allow":["GET"]}}],"collection":[{"href":"https:\/\/gcrplasticsolutions.com\/es\/wp-json\/wp\/v2\/pages"}],"about":[{"href":"https:\/\/gcrplasticsolutions.com\/es\/wp-json\/wp\/v2\/types\/page"}],"author":[{"embeddable":true,"href":"https:\/\/gcrplasticsolutions.com\/es\/wp-json\/wp\/v2\/users\/9"}],"replies":[{"embeddable":true,"href":"https:\/\/gcrplasticsolutions.com\/es\/wp-json\/wp\/v2\/comments?post=3177"}],"version-history":[{"count":0,"href":"https:\/\/gcrplasticsolutions.com\/es\/wp-json\/wp\/v2\/pages\/3177\/revisions"}],"wp:attachment":[{"href":"https:\/\/gcrplasticsolutions.com\/es\/wp-json\/wp\/v2\/media?parent=3177"}],"curies":[{"name":"wp","href":"https:\/\/api.w.org\/{rel}","templated":true}]}}