{"id":3181,"date":"2022-09-26T10:19:32","date_gmt":"2022-09-26T10:19:32","guid":{"rendered":"https:\/\/gcr-group.local\/terminos-de-uso\/"},"modified":"2024-12-05T16:48:50","modified_gmt":"2024-12-05T16:48:50","slug":"terminos-de-uso","status":"publish","type":"page","link":"https:\/\/gcrplasticsolutions.com\/es\/terminos-de-uso\/","title":{"rendered":"T\u00e9rminos de Uso"},"content":{"rendered":"\n<p>El sitio web www.gcrplasticsolutions.com (en adelante, el \u00abSitio Web\u00bb) es proporcionado por GESTORA CATALANA DE RESIDUOS, S.L.U., con domicilio social en calle Mayor 32, 2-1, despacho Uni\u00f3n, 08221 Terrassa, Espa\u00f1a (en adelante, \u201cGCR\u201d). GCR tiene todos los derechos sobre este Sitio Web.<br>En este Sitio Web, podemos referirnos a \u00abGCR\u00bb, \u00abGrupo\u00bb, \u00abempresa\u00bb, \u00abnosotros\u00bb o \u00abnuestro\u00bb para referirnos a GESTORA CATALANA DE RESIDUOS, S.L.U.<br>Estos T\u00e9rminos de Uso (en adelante, tambi\u00e9n denominados \u00abT\u00e9rminos y Condiciones\u00bb), junto con nuestra Declaraci\u00f3n de Privacidad y Pol\u00edtica de Cookies, regulan el uso de este Sitio Web.<\/p>\n\n\n\n<h3 class=\"wp-block-heading\">Aceptaci\u00f3n de los T\u00e9rminos y Condiciones<\/h3>\n\n\n\n<p>Al acceder o utilizar este Sitio Web, aceptas estar legalmente obligado por estos T\u00e9rminos y Condiciones. Si NO est\u00e1s de acuerdo con todos estos T\u00e9rminos y Condiciones, NO deber\u00edas acceder ni utilizar este Sitio Web.<\/p>\n\n\n\n<h3 class=\"wp-block-heading\">Modificaci\u00f3n de los T\u00e9rminos y Condiciones<\/h3>\n\n\n\n<p>Estos T\u00e9rminos y Condiciones pueden ser modificados por GCR en cualquier momento. Las modificaciones entrar\u00e1n en vigor en el momento de su publicaci\u00f3n en el Sitio Web. Al continuar accediendo o utilizando el Sitio Web despu\u00e9s de dicha publicaci\u00f3n, se considerar\u00e1 que has aceptado las modificaciones. Se recomienda revisar regularmente los T\u00e9rminos y Condiciones para identificar posibles cambios.<\/p>\n\n\n\n<h3 class=\"wp-block-heading\">Exclusi\u00f3n de garant\u00edas y descargo de responsabilidad<\/h3>\n\n\n\n<p>GCR har\u00e1 esfuerzos razonables para proporcionar informaci\u00f3n actualizada y precisa en y a trav\u00e9s de este Sitio Web, ya sea en forma de datos, recomendaciones, servicios u otra informaci\u00f3n (\u00abInformaci\u00f3n\u00bb). Sin embargo, GCR RENUNCIA EXPRESAMENTE A CUALQUIER DECLARACI\u00d3N O GARANT\u00cdA, YA SEA EXPRESA O IMPL\u00cdCITA, EN RELACI\u00d3N CON LA EXACTITUD, VIGENCIA, INTEGRIDAD Y\/O LA COMERCIABILIDAD O IDONEIDAD PARA UN PROP\u00d3SITO PARTICULAR DE CUALQUIER INFORMACI\u00d3N CONTENIDA O PROPORCIONADA A TRAV\u00c9S DE ESTE SITIO WEB, INCLUYENDO GARANT\u00cdAS RELACIONADAS CON LA NO INFRACCI\u00d3N DE DERECHOS DE PATENTES, DERECHOS DE AUTOR U OTROS DERECHOS DE TERCEROS.<\/p>\n\n\n\n<h3 class=\"wp-block-heading\">Declaraciones prospectivas<\/h3>\n\n\n\n<p>Este Sitio Web puede contener declaraciones prospectivas relacionadas con el desempe\u00f1o futuro y la posici\u00f3n de GCR. Dichas declaraciones se basan en expectativas, estimaciones y proyecciones actuales de GCR y en la informaci\u00f3n disponible para la empresa en el momento.<br>GCR advierte que tales declaraciones implican ciertos riesgos e incertidumbres que pueden ser dif\u00edciles de prever y, por lo tanto, se debe entender que m\u00faltiples factores pueden hacer que el desempe\u00f1o y la posici\u00f3n reales de la empresa difieran significativamente de dichas declaraciones. GCR no asume ninguna obligaci\u00f3n de actualizar las declaraciones contenidas en este documento, salvo que la ley lo requiera.<\/p>\n\n\n\n<h3 class=\"wp-block-heading\">Responsabilidad<\/h3>\n\n\n\n<p>En ning\u00fan caso, GCR y\/o cualquiera de sus entidades ser\u00e1 responsable por cualquier p\u00e9rdida, da\u00f1o o lesi\u00f3n de cualquier tipo resultante de tu acceso o incapacidad para acceder a este Sitio Web, ni de tu confianza en cualquier Informaci\u00f3n proporcionada en o a trav\u00e9s de este Sitio Web, incluyendo, pero no limitado a, virus que puedan infectar tu equipo inform\u00e1tico, software o datos, salvo que dichos da\u00f1os sean el resultado de una mala conducta intencionada o negligencia por parte de GCR.<\/p>\n\n\n\n<h3 class=\"wp-block-heading\">Productos y servicios<\/h3>\n\n\n\n<p>Toda la informaci\u00f3n proporcionada en o a trav\u00e9s de este Sitio Web por GCR, en relaci\u00f3n con sus productos y servicios, ya sea en forma de datos, recomendaciones u otra informaci\u00f3n, se considera confiable, pero GCR no asume ninguna responsabilidad en relaci\u00f3n con la aplicaci\u00f3n, procesamiento o uso de dicha informaci\u00f3n, productos o servicios, ni de cualquier consecuencia derivada de ellos.<\/p>\n\n\n\n<h3 class=\"wp-block-heading\">Propiedad intelectual<\/h3>\n\n\n\n<p>Salvo indicaci\u00f3n en contrario, todos los derechos de propiedad intelectual en este Sitio Web y toda la informaci\u00f3n proporcionada en o a trav\u00e9s de este Sitio Web son propiedad de GCR o han sido licenciados a GCR. Nada en este Sitio Web debe interpretarse como una concesi\u00f3n de licencia o derecho sobre cualquier marca comercial, patente u otro derecho de propiedad intelectual de GCR.<\/p>\n\n\n\n<h3 class=\"wp-block-heading\">Enlaces<\/h3>\n\n\n\n<p>El Sitio Web puede incluir enlaces a sitios web de terceros. Estos sitios web no han sido revisados ni est\u00e1n sujetos a controles por parte de GCR. GCR declina cualquier tipo de responsabilidad por el contenido de los sitios web accesibles a trav\u00e9s de enlaces en el Sitio Web de GCR. Se recomienda leer cuidadosamente las condiciones de uso y las pol\u00edticas de privacidad de dichos sitios web.<\/p>\n\n\n\n<h3 class=\"wp-block-heading\">Ley aplicable y jurisdicci\u00f3n<\/h3>\n\n\n\n<p>Estos T\u00e9rminos y Condiciones se rigen exclusivamente por la legislaci\u00f3n espa\u00f1ola. Si utilizas este Sitio Web desde fuera de Espa\u00f1a, eres responsable de cumplir con las leyes locales aplicables.<br>Cualquier disputa que surja en relaci\u00f3n con estos T\u00e9rminos y Condiciones, incluyendo disputas sobre su existencia y validez, ser\u00e1 resuelta por los tribunales competentes de Barcelona, Espa\u00f1a.<\/p>\n\n\n\n<p>Octubre de 2024<\/p>\n\n\n\n<p><\/p>\n","protected":false},"excerpt":{"rendered":"<p>El sitio web www.gcrplasticsolutions.com (en adelante, el \u00abSitio Web\u00bb) es proporcionado por GESTORA CATALANA DE RESIDUOS, S.L.U., con domicilio social en calle Mayor 32, 2-1, despacho Uni\u00f3n, 08221 Terrassa, Espa\u00f1a (en adelante, \u201cGCR\u201d). GCR tiene todos los derechos sobre este Sitio Web.En este Sitio Web, podemos referirnos a \u00abGCR\u00bb, \u00abGrupo\u00bb, \u00abempresa\u00bb, \u00abnosotros\u00bb o \u00abnuestro\u00bb para [&hellip;]<\/p>\n","protected":false},"author":9,"featured_media":0,"parent":0,"menu_order":0,"comment_status":"closed","ping_status":"closed","template":"template-legal-pages.php","meta":{"_acf_changed":true,"footnotes":""},"class_list":["post-3181","page","type-page","status-publish","hentry"],"acf":[],"yoast_head":"<!-- This site is optimized with the Yoast SEO plugin v27.3 - https:\/\/yoast.com\/product\/yoast-seo-wordpress\/ -->\n<title>T\u00e9rminos de Uso - GCR Sustainable Plastic Solutions<\/title>\n<meta name=\"robots\" content=\"index, follow, max-snippet:-1, max-image-preview:large, max-video-preview:-1\" \/>\n<link rel=\"canonical\" href=\"https:\/\/gcrplasticsolutions.com\/es\/terminos-de-uso\/\" \/>\n<meta property=\"og:locale\" content=\"es_ES\" \/>\n<meta property=\"og:type\" content=\"article\" \/>\n<meta property=\"og:title\" content=\"T\u00e9rminos de Uso - GCR Sustainable Plastic Solutions\" \/>\n<meta property=\"og:description\" content=\"El sitio web www.gcrplasticsolutions.com (en adelante, el \u00abSitio Web\u00bb) es proporcionado por GESTORA CATALANA DE RESIDUOS, S.L.U., con domicilio social en calle Mayor 32, 2-1, despacho Uni\u00f3n, 08221 Terrassa, Espa\u00f1a (en adelante, \u201cGCR\u201d). GCR tiene todos los derechos sobre este Sitio Web.En este Sitio Web, podemos referirnos a \u00abGCR\u00bb, \u00abGrupo\u00bb, \u00abempresa\u00bb, \u00abnosotros\u00bb o \u00abnuestro\u00bb para [&hellip;]\" \/>\n<meta property=\"og:url\" content=\"https:\/\/gcrplasticsolutions.com\/es\/terminos-de-uso\/\" \/>\n<meta property=\"og:site_name\" content=\"GCR Sustainable Plastic Solutions\" \/>\n<meta property=\"article:modified_time\" content=\"2024-12-05T16:48:50+00:00\" \/>\n<meta name=\"twitter:card\" content=\"summary_large_image\" \/>\n<meta name=\"twitter:label1\" content=\"Tiempo de lectura\" \/>\n\t<meta name=\"twitter:data1\" content=\"4 minutos\" \/>\n<script type=\"application\/ld+json\" class=\"yoast-schema-graph\">{\"@context\":\"https:\\\/\\\/schema.org\",\"@graph\":[{\"@type\":\"WebPage\",\"@id\":\"https:\\\/\\\/gcrplasticsolutions.com\\\/es\\\/terminos-de-uso\\\/\",\"url\":\"https:\\\/\\\/gcrplasticsolutions.com\\\/es\\\/terminos-de-uso\\\/\",\"name\":\"T\u00e9rminos de Uso - GCR Sustainable Plastic Solutions\",\"isPartOf\":{\"@id\":\"https:\\\/\\\/gcrplasticsolutions.com\\\/es\\\/#website\"},\"datePublished\":\"2022-09-26T10:19:32+00:00\",\"dateModified\":\"2024-12-05T16:48:50+00:00\",\"breadcrumb\":{\"@id\":\"https:\\\/\\\/gcrplasticsolutions.com\\\/es\\\/terminos-de-uso\\\/#breadcrumb\"},\"inLanguage\":\"es\",\"potentialAction\":[{\"@type\":\"ReadAction\",\"target\":[\"https:\\\/\\\/gcrplasticsolutions.com\\\/es\\\/terminos-de-uso\\\/\"]}]},{\"@type\":\"BreadcrumbList\",\"@id\":\"https:\\\/\\\/gcrplasticsolutions.com\\\/es\\\/terminos-de-uso\\\/#breadcrumb\",\"itemListElement\":[{\"@type\":\"ListItem\",\"position\":1,\"name\":\"Home\",\"item\":\"https:\\\/\\\/gcrplasticsolutions.com\\\/es\\\/\"},{\"@type\":\"ListItem\",\"position\":2,\"name\":\"T\u00e9rminos de Uso\"}]},{\"@type\":\"WebSite\",\"@id\":\"https:\\\/\\\/gcrplasticsolutions.com\\\/es\\\/#website\",\"url\":\"https:\\\/\\\/gcrplasticsolutions.com\\\/es\\\/\",\"name\":\"GCR Sustainable Plastic Solutions\",\"description\":\"GCR Sustainable Plastic Solutions Website\",\"potentialAction\":[{\"@type\":\"SearchAction\",\"target\":{\"@type\":\"EntryPoint\",\"urlTemplate\":\"https:\\\/\\\/gcrplasticsolutions.com\\\/es\\\/?s={search_term_string}\"},\"query-input\":{\"@type\":\"PropertyValueSpecification\",\"valueRequired\":true,\"valueName\":\"search_term_string\"}}],\"inLanguage\":\"es\"}]}<\/script>\n<!-- \/ Yoast SEO plugin. -->","yoast_head_json":{"title":"T\u00e9rminos de Uso - GCR Sustainable Plastic Solutions","robots":{"index":"index","follow":"follow","max-snippet":"max-snippet:-1","max-image-preview":"max-image-preview:large","max-video-preview":"max-video-preview:-1"},"canonical":"https:\/\/gcrplasticsolutions.com\/es\/terminos-de-uso\/","og_locale":"es_ES","og_type":"article","og_title":"T\u00e9rminos de Uso - GCR Sustainable Plastic Solutions","og_description":"El sitio web www.gcrplasticsolutions.com (en adelante, el \u00abSitio Web\u00bb) es proporcionado por GESTORA CATALANA DE RESIDUOS, S.L.U., con domicilio social en calle Mayor 32, 2-1, despacho Uni\u00f3n, 08221 Terrassa, Espa\u00f1a (en adelante, \u201cGCR\u201d). GCR tiene todos los derechos sobre este Sitio Web.En este Sitio Web, podemos referirnos a \u00abGCR\u00bb, \u00abGrupo\u00bb, \u00abempresa\u00bb, \u00abnosotros\u00bb o \u00abnuestro\u00bb para [&hellip;]","og_url":"https:\/\/gcrplasticsolutions.com\/es\/terminos-de-uso\/","og_site_name":"GCR Sustainable Plastic Solutions","article_modified_time":"2024-12-05T16:48:50+00:00","twitter_card":"summary_large_image","twitter_misc":{"Tiempo de lectura":"4 minutos"},"schema":{"@context":"https:\/\/schema.org","@graph":[{"@type":"WebPage","@id":"https:\/\/gcrplasticsolutions.com\/es\/terminos-de-uso\/","url":"https:\/\/gcrplasticsolutions.com\/es\/terminos-de-uso\/","name":"T\u00e9rminos de Uso - GCR Sustainable Plastic Solutions","isPartOf":{"@id":"https:\/\/gcrplasticsolutions.com\/es\/#website"},"datePublished":"2022-09-26T10:19:32+00:00","dateModified":"2024-12-05T16:48:50+00:00","breadcrumb":{"@id":"https:\/\/gcrplasticsolutions.com\/es\/terminos-de-uso\/#breadcrumb"},"inLanguage":"es","potentialAction":[{"@type":"ReadAction","target":["https:\/\/gcrplasticsolutions.com\/es\/terminos-de-uso\/"]}]},{"@type":"BreadcrumbList","@id":"https:\/\/gcrplasticsolutions.com\/es\/terminos-de-uso\/#breadcrumb","itemListElement":[{"@type":"ListItem","position":1,"name":"Home","item":"https:\/\/gcrplasticsolutions.com\/es\/"},{"@type":"ListItem","position":2,"name":"T\u00e9rminos de Uso"}]},{"@type":"WebSite","@id":"https:\/\/gcrplasticsolutions.com\/es\/#website","url":"https:\/\/gcrplasticsolutions.com\/es\/","name":"GCR Sustainable Plastic Solutions","description":"GCR Sustainable Plastic Solutions Website","potentialAction":[{"@type":"SearchAction","target":{"@type":"EntryPoint","urlTemplate":"https:\/\/gcrplasticsolutions.com\/es\/?s={search_term_string}"},"query-input":{"@type":"PropertyValueSpecification","valueRequired":true,"valueName":"search_term_string"}}],"inLanguage":"es"}]}},"_links":{"self":[{"href":"https:\/\/gcrplasticsolutions.com\/es\/wp-json\/wp\/v2\/pages\/3181","targetHints":{"allow":["GET"]}}],"collection":[{"href":"https:\/\/gcrplasticsolutions.com\/es\/wp-json\/wp\/v2\/pages"}],"about":[{"href":"https:\/\/gcrplasticsolutions.com\/es\/wp-json\/wp\/v2\/types\/page"}],"author":[{"embeddable":true,"href":"https:\/\/gcrplasticsolutions.com\/es\/wp-json\/wp\/v2\/users\/9"}],"replies":[{"embeddable":true,"href":"https:\/\/gcrplasticsolutions.com\/es\/wp-json\/wp\/v2\/comments?post=3181"}],"version-history":[{"count":0,"href":"https:\/\/gcrplasticsolutions.com\/es\/wp-json\/wp\/v2\/pages\/3181\/revisions"}],"wp:attachment":[{"href":"https:\/\/gcrplasticsolutions.com\/es\/wp-json\/wp\/v2\/media?parent=3181"}],"curies":[{"name":"wp","href":"https:\/\/api.w.org\/{rel}","templated":true}]}}