{"id":3385,"date":"2025-01-07T09:07:00","date_gmt":"2025-01-07T09:07:00","guid":{"rendered":"https:\/\/gcr-group.local\/politica-de-privacidad-para-personas-candidatas\/"},"modified":"2025-01-07T09:36:59","modified_gmt":"2025-01-07T09:36:59","slug":"politica-de-privacidad-para-personas-candidatas","status":"publish","type":"page","link":"https:\/\/gcrplasticsolutions.com\/es\/politica-de-privacidad-para-personas-candidatas\/","title":{"rendered":"Pol\u00edtica de Privacidad para personas candidatas"},"content":{"rendered":"\n<h2 class=\"wp-block-heading\">Pol\u00edtica de privacidad para personas candidatas (\u201cOportunidades\u201d)<\/h2>\n\n<p>La presente pol\u00edtica describe el tratamiento que llevan a cabo las empresas pertenecientes al Grupo GCR (GCR PASTIC SOLUTIONS S.L.U y empresas vinculadas) de los datos personales de las personas candidatas a trabajar en la\/s misma\/s, durante y hasta la finalizaci\u00f3n del proceso de selecci\u00f3n en que participen. <\/p>\n\n<p><strong>I.- \u00bfQui\u00e9n es el responsable de los datos recogidos?<\/strong><\/p>\n\n<p>El responsable de los datos de car\u00e1cter personal es la empresa seleccionadora de la persona candidata, seg\u00fan consta en el proceso de selecci\u00f3n y\/o la oferta de trabajo.&#13;\n&#13;\nLa persona afectada podr\u00e1 ponerse en contacto con el responsable a trav\u00e9s de la direcci\u00f3n de correo electr\u00f3nico <a href=\"mailto:dataprotection@gcrgroup.es\">dataprotection@gcrgroup.es<\/a>\u00a0 ante cualquier duda o solicitud en materia de protecci\u00f3n de datos personales.&#13;\n&#13;\nEl grupo GCR se compromete a velar por el cumplimiento de la normativa de protecci\u00f3n de datos en lo que respecta a los tratamientos de datos personales de las las personas candidatas realizados por todas las empresas que integran el Grupo.<\/p>\n\n<p><strong>II.- \u00bfQu\u00e9 tipo de datos tratamos?<\/strong><\/p>\n\n<p>Los datos personales que se tratan de las personas candidatas son:&#13;\n<ul>&#13;\n \t<li>Datos identificativos (ej: nombre y apellidos, nacionalidad) e informaci\u00f3n de contacto (ej: direcci\u00f3n de correo electr\u00f3nico y n\u00famero de tel\u00e9fono)<\/li>&#13;\n \t<li>Informaci\u00f3n acad\u00e9mica y profesional (CV).<\/li>&#13;\n<\/ul>&#13;\nTodos los datos arriba mencionados se obtienen directamente de las personas candidatas mediante la entrega del CV y otros datos al solicitar participar en el proceso de selecci\u00f3n.<\/p>\n\n<p><strong>III.- \u00bfPara qu\u00e9 tratamos sus datos personales?<\/strong><\/p>\n\n<p>Tratamos sus datos durante el proceso de selecci\u00f3n de personal, para comprobar que se cumplen con los requisitos\/ competencias requeridas para la contrataci\u00f3n de nuevas personas trabajadoras, y para evaluar la idoneidad del candidato\/a. Si el candidato\/a es seleccionado, los datos se usan igualmente para facilitar su incorporaci\u00f3n en la empresa contratadora.<\/p>\n\n<p><strong>IV.- Legitimidad del tratamiento<\/strong><\/p>\n\n<p>La base jur\u00eddica del tratamiento de datos personaleses la satisfacci\u00f3n de intereses leg\u00edtimos perseguidos por las empresas del Grupo GNO conforme a lo establecido en el art. 6.1.f) RGPD, en concreto el uso de los datos personales para evaluar que se cumplen las competencias requeridas para la contrataci\u00f3n de nuevos empleados y valorar la idoneidad del candidato\/a participante en el proceso de selecci\u00f3n, al que las personas candidatas se someten libre y voluntariamente, as\u00ed como para contar con una lista de candidatos potencialmente id\u00f3neos en caso de que se abran vacantes similares en la empresa.\u00a0 En caso de que su candidatura sea retenida, los datos ser\u00e1n asimismo tratados de cara a la firma del consiguiente contrato laboral (de conformidad con el Art. 6 (1) (b) GDPR).<\/p>\n\n<p><strong>V.- \u00bfCon qui\u00e9n compartimos sus datos?<\/strong><\/p>\n\n<p>Tendr\u00e1n acceso a los datos personales recogidos durante el proceso de selecci\u00f3n el personal autorizado de la empresa contratante.&#13;\n&#13;\nEl departamento de Recursos Humanos del grupo GCR se encargar\u00e1 del tratamiento de todos los datos personales de todos los candidatos\/as.&#13;\n&#13;\nLos datos personales podr\u00e1n igualmente transmitirse a proveedores de servicio de IT, autoridades gubernamentales y judiciales si as\u00ed lo requiere la ley o en relaci\u00f3n con un procedimiento judicial y asesores externos (como abogados) para asesorarse cuando resulte necesario o conveniente, as\u00ed como para ejercer sus derechos y defenderse en procedimientos judiciales.<\/p>\n\n<p><strong>VI.- \u00bfDurante cu\u00e1nto tiempo conservamos los datos?<\/strong><\/p>\n\n<p>Los datos personales se conservar\u00e1n durante el plazo de un (1) a\u00f1o, salvo respecto a las personas contratadas que ser\u00e1n tratados siguiendo la pol\u00edtica de privacidad trabajadores del grupo.   <\/p>\n\n<p><strong>VII.- Medidas de seguridad<\/strong><\/p>\n\n<p>Las empresas que integran el Grupo GCR est\u00e1n comprometidas con la protecci\u00f3n de los datos personales y la privacidad, por lo que en todo momento tratar\u00e1n sus datos de forma absolutamente confidencial y guardando el preceptivo deber de secreto respecto de estos. A tal efecto, se adoptar\u00e1n las medidas de \u00edndole t\u00e9cnica y organizativas necesarias para garantizar la seguridad de sus datos y evitar su alteraci\u00f3n, p\u00e9rdida, tratamiento o acceso no autorizado. El responsable informar\u00e1 a qui\u00e9n tenga acceso a los datos sobre sus obligaciones de seguridad (reserva, confidencialidad y sigilo) y de su deber de guardar secreto.<\/p>\n\n<p><strong>VIII.- Sus derechos<\/strong><\/p>\n\n<p>La normativa vigente de protecci\u00f3n de datos reconoce al sujeto afectado el derecho de acceso a los datos y a obtener una copia de ellos, el derecho de rectificaci\u00f3n, el derecho de supresi\u00f3n, el derecho a la limitaci\u00f3n del tratamiento, el derecho de oposici\u00f3n al tratamiento de datos y el derecho a la portabilidad de los datos facilitados (Art. 15 y ss RGPD).&#13;\n&#13;\nPara ejercer sus derechos, puede enviarnos un correo electr\u00f3nico a <a href=\"mailto:dataprotection@gcrgroup.es\">dataprotection@gcrgroup.es<\/a>. Le proporcionaremos informaci\u00f3n sobre las medidas adoptadas en relaci\u00f3n con su solicitud cuanto antes sea posible y, en cualquier caso, en el plazo de un mes a partir de la recepci\u00f3n de la solicitud. Dicho plazo podr\u00e1 prorrogarse dos meses m\u00e1s en caso necesario, teniendo en cuenta la complejidad y el n\u00famero de solicitudes. Le informaremos de dicha pr\u00f3rroga en el plazo de un mes a partir de la recepci\u00f3n de la solicitud, junto con los motivos de la demora. En particular, en caso de que la persona candidata no desee que se conserven sus datos, basta con que lo indique, en cualquier momento, a trav\u00e9s de la direcci\u00f3n de correo electr\u00f3nico <a href=\"mailto:dataprotection@gcrgroup.es\">dataprotection@gcrgroup.es<\/a><\/p>\n\n<p><strong>IX.- Contacto<\/strong><\/p>\n\n<p>Si tiene alguna duda en relaci\u00f3n con el tratamiento de sus datos personales, puede ponerse en contacto con nosotros a trav\u00e9s de la siguiente direcci\u00f3n de correo electr\u00f3nico <a href=\"mailto:dataprotectoion@gcrgroup.es\">dataprotection@gcrgroup.es<\/a>.&#13;\n&#13;\nPor \u00faltimo, le informamos que tiene derecho a presentar una reclamaci\u00f3n ante la autoridad reguladora de protecci\u00f3n de datos responsable, en particular, ante la Agencia Espa\u00f1ola de Protecci\u00f3n de Datos \u00a0(<a href=\"http:\/\/www.aepd.es\/es\">www.aepd.es\/es<\/a>).<\/p>\n\n<p>Octubre de 2024<\/p>\n","protected":false},"excerpt":{"rendered":"<p>Pol\u00edtica de privacidad para personas candidatas (\u201cOportunidades\u201d) La presente pol\u00edtica describe el tratamiento que llevan a cabo las empresas pertenecientes al Grupo GCR (GCR PASTIC SOLUTIONS S.L.U y empresas vinculadas) de los datos personales de las personas candidatas a trabajar en la\/s misma\/s, durante y hasta la finalizaci\u00f3n del proceso de selecci\u00f3n en que participen. [&hellip;]<\/p>\n","protected":false},"author":8,"featured_media":0,"parent":0,"menu_order":0,"comment_status":"closed","ping_status":"closed","template":"template-legal-pages.php","meta":{"_acf_changed":false,"footnotes":""},"class_list":["post-3385","page","type-page","status-publish","hentry"],"acf":[],"yoast_head":"<!-- This site is optimized with the Yoast SEO plugin v27.3 - https:\/\/yoast.com\/product\/yoast-seo-wordpress\/ -->\n<title>Pol\u00edtica de Privacidad para personas candidatas - GCR Sustainable Plastic Solutions<\/title>\n<meta name=\"robots\" content=\"index, follow, max-snippet:-1, max-image-preview:large, max-video-preview:-1\" \/>\n<link rel=\"canonical\" href=\"https:\/\/gcrplasticsolutions.com\/es\/politica-de-privacidad-para-personas-candidatas\/\" \/>\n<meta property=\"og:locale\" content=\"es_ES\" \/>\n<meta property=\"og:type\" content=\"article\" \/>\n<meta property=\"og:title\" content=\"Pol\u00edtica de Privacidad para personas candidatas - GCR Sustainable Plastic Solutions\" \/>\n<meta property=\"og:description\" content=\"Pol\u00edtica de privacidad para personas candidatas (\u201cOportunidades\u201d) La presente pol\u00edtica describe el tratamiento que llevan a cabo las empresas pertenecientes al Grupo GCR (GCR PASTIC SOLUTIONS S.L.U y empresas vinculadas) de los datos personales de las personas candidatas a trabajar en la\/s misma\/s, durante y hasta la finalizaci\u00f3n del proceso de selecci\u00f3n en que participen. [&hellip;]\" \/>\n<meta property=\"og:url\" content=\"https:\/\/gcrplasticsolutions.com\/es\/politica-de-privacidad-para-personas-candidatas\/\" \/>\n<meta property=\"og:site_name\" content=\"GCR Sustainable Plastic Solutions\" \/>\n<meta property=\"article:modified_time\" content=\"2025-01-07T09:36:59+00:00\" \/>\n<meta name=\"twitter:card\" content=\"summary_large_image\" \/>\n<meta name=\"twitter:label1\" content=\"Tiempo de lectura\" \/>\n\t<meta name=\"twitter:data1\" content=\"5 minutos\" \/>\n<script type=\"application\/ld+json\" class=\"yoast-schema-graph\">{\"@context\":\"https:\\\/\\\/schema.org\",\"@graph\":[{\"@type\":\"WebPage\",\"@id\":\"https:\\\/\\\/gcrplasticsolutions.com\\\/es\\\/politica-de-privacidad-para-personas-candidatas\\\/\",\"url\":\"https:\\\/\\\/gcrplasticsolutions.com\\\/es\\\/politica-de-privacidad-para-personas-candidatas\\\/\",\"name\":\"Pol\u00edtica de Privacidad para personas candidatas - GCR Sustainable Plastic Solutions\",\"isPartOf\":{\"@id\":\"https:\\\/\\\/gcrplasticsolutions.com\\\/es\\\/#website\"},\"datePublished\":\"2025-01-07T09:07:00+00:00\",\"dateModified\":\"2025-01-07T09:36:59+00:00\",\"breadcrumb\":{\"@id\":\"https:\\\/\\\/gcrplasticsolutions.com\\\/es\\\/politica-de-privacidad-para-personas-candidatas\\\/#breadcrumb\"},\"inLanguage\":\"es\",\"potentialAction\":[{\"@type\":\"ReadAction\",\"target\":[\"https:\\\/\\\/gcrplasticsolutions.com\\\/es\\\/politica-de-privacidad-para-personas-candidatas\\\/\"]}]},{\"@type\":\"BreadcrumbList\",\"@id\":\"https:\\\/\\\/gcrplasticsolutions.com\\\/es\\\/politica-de-privacidad-para-personas-candidatas\\\/#breadcrumb\",\"itemListElement\":[{\"@type\":\"ListItem\",\"position\":1,\"name\":\"Home\",\"item\":\"https:\\\/\\\/gcrplasticsolutions.com\\\/es\\\/\"},{\"@type\":\"ListItem\",\"position\":2,\"name\":\"Pol\u00edtica de Privacidad para personas candidatas\"}]},{\"@type\":\"WebSite\",\"@id\":\"https:\\\/\\\/gcrplasticsolutions.com\\\/es\\\/#website\",\"url\":\"https:\\\/\\\/gcrplasticsolutions.com\\\/es\\\/\",\"name\":\"GCR Sustainable Plastic Solutions\",\"description\":\"GCR Sustainable Plastic Solutions Website\",\"potentialAction\":[{\"@type\":\"SearchAction\",\"target\":{\"@type\":\"EntryPoint\",\"urlTemplate\":\"https:\\\/\\\/gcrplasticsolutions.com\\\/es\\\/?s={search_term_string}\"},\"query-input\":{\"@type\":\"PropertyValueSpecification\",\"valueRequired\":true,\"valueName\":\"search_term_string\"}}],\"inLanguage\":\"es\"}]}<\/script>\n<!-- \/ Yoast SEO plugin. -->","yoast_head_json":{"title":"Pol\u00edtica de Privacidad para personas candidatas - GCR Sustainable Plastic Solutions","robots":{"index":"index","follow":"follow","max-snippet":"max-snippet:-1","max-image-preview":"max-image-preview:large","max-video-preview":"max-video-preview:-1"},"canonical":"https:\/\/gcrplasticsolutions.com\/es\/politica-de-privacidad-para-personas-candidatas\/","og_locale":"es_ES","og_type":"article","og_title":"Pol\u00edtica de Privacidad para personas candidatas - GCR Sustainable Plastic Solutions","og_description":"Pol\u00edtica de privacidad para personas candidatas (\u201cOportunidades\u201d) La presente pol\u00edtica describe el tratamiento que llevan a cabo las empresas pertenecientes al Grupo GCR (GCR PASTIC SOLUTIONS S.L.U y empresas vinculadas) de los datos personales de las personas candidatas a trabajar en la\/s misma\/s, durante y hasta la finalizaci\u00f3n del proceso de selecci\u00f3n en que participen. [&hellip;]","og_url":"https:\/\/gcrplasticsolutions.com\/es\/politica-de-privacidad-para-personas-candidatas\/","og_site_name":"GCR Sustainable Plastic Solutions","article_modified_time":"2025-01-07T09:36:59+00:00","twitter_card":"summary_large_image","twitter_misc":{"Tiempo de lectura":"5 minutos"},"schema":{"@context":"https:\/\/schema.org","@graph":[{"@type":"WebPage","@id":"https:\/\/gcrplasticsolutions.com\/es\/politica-de-privacidad-para-personas-candidatas\/","url":"https:\/\/gcrplasticsolutions.com\/es\/politica-de-privacidad-para-personas-candidatas\/","name":"Pol\u00edtica de Privacidad para personas candidatas - GCR Sustainable Plastic Solutions","isPartOf":{"@id":"https:\/\/gcrplasticsolutions.com\/es\/#website"},"datePublished":"2025-01-07T09:07:00+00:00","dateModified":"2025-01-07T09:36:59+00:00","breadcrumb":{"@id":"https:\/\/gcrplasticsolutions.com\/es\/politica-de-privacidad-para-personas-candidatas\/#breadcrumb"},"inLanguage":"es","potentialAction":[{"@type":"ReadAction","target":["https:\/\/gcrplasticsolutions.com\/es\/politica-de-privacidad-para-personas-candidatas\/"]}]},{"@type":"BreadcrumbList","@id":"https:\/\/gcrplasticsolutions.com\/es\/politica-de-privacidad-para-personas-candidatas\/#breadcrumb","itemListElement":[{"@type":"ListItem","position":1,"name":"Home","item":"https:\/\/gcrplasticsolutions.com\/es\/"},{"@type":"ListItem","position":2,"name":"Pol\u00edtica de Privacidad para personas candidatas"}]},{"@type":"WebSite","@id":"https:\/\/gcrplasticsolutions.com\/es\/#website","url":"https:\/\/gcrplasticsolutions.com\/es\/","name":"GCR Sustainable Plastic Solutions","description":"GCR Sustainable Plastic Solutions Website","potentialAction":[{"@type":"SearchAction","target":{"@type":"EntryPoint","urlTemplate":"https:\/\/gcrplasticsolutions.com\/es\/?s={search_term_string}"},"query-input":{"@type":"PropertyValueSpecification","valueRequired":true,"valueName":"search_term_string"}}],"inLanguage":"es"}]}},"_links":{"self":[{"href":"https:\/\/gcrplasticsolutions.com\/es\/wp-json\/wp\/v2\/pages\/3385","targetHints":{"allow":["GET"]}}],"collection":[{"href":"https:\/\/gcrplasticsolutions.com\/es\/wp-json\/wp\/v2\/pages"}],"about":[{"href":"https:\/\/gcrplasticsolutions.com\/es\/wp-json\/wp\/v2\/types\/page"}],"author":[{"embeddable":true,"href":"https:\/\/gcrplasticsolutions.com\/es\/wp-json\/wp\/v2\/users\/8"}],"replies":[{"embeddable":true,"href":"https:\/\/gcrplasticsolutions.com\/es\/wp-json\/wp\/v2\/comments?post=3385"}],"version-history":[{"count":0,"href":"https:\/\/gcrplasticsolutions.com\/es\/wp-json\/wp\/v2\/pages\/3385\/revisions"}],"wp:attachment":[{"href":"https:\/\/gcrplasticsolutions.com\/es\/wp-json\/wp\/v2\/media?parent=3385"}],"curies":[{"name":"wp","href":"https:\/\/api.w.org\/{rel}","templated":true}]}}